{"id":9034,"date":"2025-02-10T11:32:49","date_gmt":"2025-02-10T10:32:49","guid":{"rendered":"https:\/\/wernerwilmes.eu\/fotoblog\/?page_id=9034"},"modified":"2026-03-06T07:36:20","modified_gmt":"2026-03-06T06:36:20","slug":"musik-videos-schlager","status":"publish","type":"page","link":"https:\/\/wernerwilmes.eu\/fotoblog\/musik-videos-schlager\/","title":{"rendered":"Musik-Videos Schlager"},"content":{"rendered":"\t\t<div data-elementor-type=\"wp-page\" data-elementor-id=\"9034\" class=\"elementor elementor-9034\" data-elementor-post-type=\"page\">\n\t\t\t\t<div class=\"elementor-element elementor-element-319d4c6 e-flex e-con-boxed e-con e-parent\" data-id=\"319d4c6\" data-element_type=\"container\" data-e-type=\"container\">\n\t\t\t\t\t<div class=\"e-con-inner\">\n\t\t\t\t<div class=\"elementor-element elementor-element-6edb5f2 elementor-widget elementor-widget-heading\" data-id=\"6edb5f2\" data-element_type=\"widget\" data-e-type=\"widget\" data-widget_type=\"heading.default\">\n\t\t\t\t\t<h2 class=\"elementor-heading-title elementor-size-default\">Schlager<\/h2>\t\t\t\t<\/div>\n\t\t\t\t\t<\/div>\n\t\t\t\t<\/div>\n\t\t<div class=\"elementor-element elementor-element-8393502 e-grid e-con-boxed e-con e-parent\" data-id=\"8393502\" data-element_type=\"container\" data-e-type=\"container\">\n\t\t\t\t\t<div class=\"e-con-inner\">\n\t\t\t\t<div class=\"elementor-element elementor-element-6d21be4 elementor-widget elementor-widget-text-editor\" data-id=\"6d21be4\" data-element_type=\"widget\" data-e-type=\"widget\" data-widget_type=\"text-editor.default\">\n\t\t\t\t\t\t\t\t\t<p>Auf dieser Seite kannst du dir alle Musikvideos aus der Kategorie &#8222;Schlager&#8220; ansehen, die in meinem Kanal Wilmes-Audio bei YouTube ver\u00f6ffentlicht sind.<\/p>\t\t\t\t\t\t\t\t<\/div>\n\t\t\t\t\t<\/div>\n\t\t\t\t<\/div>\n\t\t<div class=\"elementor-element elementor-element-8045243 e-flex e-con-boxed e-con e-parent\" data-id=\"8045243\" data-element_type=\"container\" data-e-type=\"container\">\n\t\t\t\t\t<div class=\"e-con-inner\">\n\t\t\t\t<div class=\"elementor-element elementor-element-edb3c38 elementor-widget elementor-widget-video\" data-id=\"edb3c38\" data-element_type=\"widget\" data-e-type=\"widget\" data-settings=\"{&quot;youtube_url&quot;:&quot;https:\\\/\\\/youtu.be\\\/ltBNGg2qFfw&quot;,&quot;video_type&quot;:&quot;youtube&quot;,&quot;controls&quot;:&quot;yes&quot;}\" data-widget_type=\"video.default\">\n\t\t\t\t\t\t\t<div class=\"elementor-wrapper elementor-open-inline\">\n\t\t\t<div class=\"elementor-video\"><\/div>\t\t<\/div>\n\t\t\t\t\t\t<\/div>\n\t\t\t\t<div class=\"elementor-element elementor-element-6605e69 elementor-widget elementor-widget-text-editor\" data-id=\"6605e69\" data-element_type=\"widget\" data-e-type=\"widget\" data-widget_type=\"text-editor.default\">\n\t\t\t\t\t\t\t\t\t<p><strong>Wunderland<\/strong><\/p><p>Du hast nun einfach Schluss gemacht<br \/>Deine L\u00fcgen ergeben nun einen Sinn<br \/>Hab dann geheult die ganze Nacht<br \/>Und dann gefragt, wo will ich hin<br \/>Habs satt, auch deine Vollwertk\u00fcche<br \/>Es muss doch noch was and&#8217;res geben<br \/>Soviel Tralala, die dummen Spr\u00fcche<br \/>Will mich nicht als Trottel sch\u00e4men<\/p><p>Du kannst mich mal, dein ganzer Klan<br \/>Verdammt, nun hab ich es erkannt<br \/>Meine Liebe ist die Modell-Eisenbahn<br \/>Jetzt bau ich mir mein Wunderland<\/p><p>Hab stundenlang am Gleis gebaut<br \/>Weichen und Signale gesetzt<br \/>Gut wenn man sich selbst vertraut<br \/>Als wenn einen die Braut verletzt<br \/>Schienen durch T\u00e4ler, \u00fcber Br\u00fccken<br \/>F\u00fchren weg von all dem \u00c4rger<br \/>Mein Wunderland, volles Entz\u00fccken<br \/>Tausendmal besser als ein Veggie-Burger<\/p><p>Du kannst mich mal, dein ganzer Klan<br \/>Verdammt, nun hab ich es erkannt<br \/>Meine Liebe ist die Modell-Eisenbahn<br \/>Jetzt bau ich mir mein Wunderland<\/p><p>Z\u00fcge fahren durch die Nacht,<br \/>Freiheit, die mir wieder lacht<br \/>Schmerz entweicht, weit und breit<br \/>In meinem Land der Heiterkeit<\/p><p>Du kannst mich mal, dein ganzer Klan<br \/>Verdammt, nun hab ich es erkannt<br \/>Meine Liebe ist die Modell-Eisenbahn<br \/>Jetzt bau ich mir mein Wunderland<\/p><p>Oh, mein Wunderland, mein Wunderland, Wunderland<\/p>\t\t\t\t\t\t\t\t<\/div>\n\t\t\t\t<div class=\"elementor-element elementor-element-ba5f8a8 elementor-widget elementor-widget-video\" data-id=\"ba5f8a8\" data-element_type=\"widget\" data-e-type=\"widget\" data-settings=\"{&quot;youtube_url&quot;:&quot;https:\\\/\\\/youtu.be\\\/IrjtA9PB_Fw&quot;,&quot;video_type&quot;:&quot;youtube&quot;,&quot;controls&quot;:&quot;yes&quot;}\" data-widget_type=\"video.default\">\n\t\t\t\t\t\t\t<div class=\"elementor-wrapper elementor-open-inline\">\n\t\t\t<div class=\"elementor-video\"><\/div>\t\t<\/div>\n\t\t\t\t\t\t<\/div>\n\t\t\t\t<div class=\"elementor-element elementor-element-6eb7c85 elementor-widget elementor-widget-text-editor\" data-id=\"6eb7c85\" data-element_type=\"widget\" data-e-type=\"widget\" data-widget_type=\"text-editor.default\">\n\t\t\t\t\t\t\t\t\t<p><strong>Zur\u00fcck zum K\u00f6nigssee<\/strong><\/p><p>I bin a Bua aus\u2019m Bergland dahoam<br \/>Wo Gipfel und Seen mein Herz sanft ums\u00e4um\u2019n<br \/>Doch zog es mich fort, i wollt\u2019 in die Fern<br \/>Das Mittelmeer schien mir der Zukunft Stern<\/p><p>Dort unten im S\u00fcden, da hab i dich g\u2019sehn<br \/>Dein Blick, deine Augen, sie warn wie ein Flehn<br \/>Die Zeit war ein Traum, i dacht\u2019 nie daran<br \/>Dass unser Gl\u00fcck einmal verblassen kann<\/p><p>Marie, du hast mich umgedreht<br \/>I bin zuruck, zuruck am K\u00f6nigssee<br \/>Die Berge, der See, das ist mein Gl\u00fcck<br \/>Hier find i mich, hier will i nie zuruck<\/p><p>Nun steh i am Ufer, die Heimat so nah<br \/>Die Luft, die Musik, die Gemeinschaft, juchhe<br \/>Doch bist es auch du, die mich z\u2019ruckgebracht hat<br \/>Dein Blick und dein Herz, das alles geschafft<\/p><p>I steh hier, Marie, und schau auf den See<br \/>Wei\u00dft du no, wie des war, damals, so schee<br \/>Dei Lachen, dei Blick, du hast alles verkehrt<br \/>Jetzt bin i dahoam, wie\u2019s Herz des begehrt<br \/>Der Watzmann schaut o, ja, er nickt mir zua<br \/>&#8218;S Leben is hier, und bei dir, das is\u2019 kloar<\/p><p>Marie, du hast mich umgedreht<br \/>I bin zuruck, zuruck am K\u00f6nigssee<br \/>Die Berge, der See, das ist mein Gl\u00fcck<br \/>Hier find i mich, hier will i nie zur\u00fcck<\/p><p>Deine blauen Augen, oh, Marie<\/p><p>Marie, du hast mich umgedreht<br \/>I bin zuruck, zuruck am K\u00f6nigssee<br \/>Die Berge, der See, das ist mein Gl\u00fcck<br \/>Hier find i mich, hier will i nie zuruck<\/p>\t\t\t\t\t\t\t\t<\/div>\n\t\t\t\t\t<\/div>\n\t\t\t\t<\/div>\n\t\t<div class=\"elementor-element elementor-element-7cab1e2 e-flex e-con-boxed e-con e-parent\" data-id=\"7cab1e2\" data-element_type=\"container\" data-e-type=\"container\">\n\t\t\t\t\t<div class=\"e-con-inner\">\n\t\t\t\t<div class=\"elementor-element elementor-element-6a6f5d5 elementor-align-center elementor-widget elementor-widget-button\" data-id=\"6a6f5d5\" data-element_type=\"widget\" data-e-type=\"widget\" data-widget_type=\"button.default\">\n\t\t\t\t\t\t\t\t\t\t<a class=\"elementor-button elementor-button-link elementor-size-sm\" href=\"https:\/\/youtube.com\/@Wilmes-Audio\" target=\"_blank\" rel=\"noopener\">\n\t\t\t\t\t\t<span class=\"elementor-button-content-wrapper\">\n\t\t\t\t\t\t\t\t\t<span class=\"elementor-button-text\">Traumhaft sch\u00f6ne Musik-Videos auf meinem Kanal<\/span>\n\t\t\t\t\t<\/span>\n\t\t\t\t\t<\/a>\n\t\t\t\t\t\t\t\t<\/div>\n\t\t\t\t\t<\/div>\n\t\t\t\t<\/div>\n\t\t<div class=\"elementor-element elementor-element-0092a6f e-flex e-con-boxed e-con e-parent\" data-id=\"0092a6f\" data-element_type=\"container\" data-e-type=\"container\">\n\t\t\t\t\t<div class=\"e-con-inner\">\n\t\t\t\t<div class=\"elementor-element elementor-element-47ab6ba elementor-align-center elementor-widget elementor-widget-button\" data-id=\"47ab6ba\" data-element_type=\"widget\" data-e-type=\"widget\" data-widget_type=\"button.default\">\n\t\t\t\t\t\t\t\t\t\t<a class=\"elementor-button elementor-button-link elementor-size-sm\" href=\"https:\/\/www.facebook.com\/werner.wilmes.5055\" target=\"_blank\" rel=\"noopener\">\n\t\t\t\t\t\t<span class=\"elementor-button-content-wrapper\">\n\t\t\t\t\t\t<span class=\"elementor-button-icon\">\n\t\t\t\t<svg aria-hidden=\"true\" class=\"e-font-icon-svg e-fab-facebook\" viewBox=\"0 0 512 512\" xmlns=\"http:\/\/www.w3.org\/2000\/svg\"><path d=\"M504 256C504 119 393 8 256 8S8 119 8 256c0 123.78 90.69 226.38 209.25 245V327.69h-63V256h63v-54.64c0-62.15 37-96.48 93.67-96.48 27.14 0 55.52 4.84 55.52 4.84v61h-31.28c-30.8 0-40.41 19.12-40.41 38.73V256h68.78l-11 71.69h-57.78V501C413.31 482.38 504 379.78 504 256z\"><\/path><\/svg>\t\t\t<\/span>\n\t\t\t\t\t\t\t\t\t<span class=\"elementor-button-text\">Besuche mein facebook<\/span>\n\t\t\t\t\t<\/span>\n\t\t\t\t\t<\/a>\n\t\t\t\t\t\t\t\t<\/div>\n\t\t\t\t\t<\/div>\n\t\t\t\t<\/div>\n\t\t\t\t<\/div>\n\t\t","protected":false},"excerpt":{"rendered":"<p>Schlager Auf dieser Seite kannst du dir alle Musikvideos aus der Kategorie &#8222;Schlager&#8220; ansehen, die in meinem Kanal Wilmes-Audio bei YouTube ver\u00f6ffentlicht sind. https:\/\/youtu.be\/ltBNGg2qFfw Wunderland Du hast nun einfach Schluss gemachtDeine L\u00fcgen ergeben nun einen SinnHab dann geheult die ganze NachtUnd dann gefragt, wo will ich hinHabs satt, auch deine Vollwertk\u00fccheEs muss doch noch was [&hellip;]<\/p>\n","protected":false},"author":1,"featured_media":0,"parent":0,"menu_order":0,"comment_status":"closed","ping_status":"closed","template":"elementor_header_footer","meta":{"footnotes":""},"class_list":["post-9034","page","type-page","status-publish","hentry"],"_links":{"self":[{"href":"https:\/\/wernerwilmes.eu\/fotoblog\/wp-json\/wp\/v2\/pages\/9034","targetHints":{"allow":["GET"]}}],"collection":[{"href":"https:\/\/wernerwilmes.eu\/fotoblog\/wp-json\/wp\/v2\/pages"}],"about":[{"href":"https:\/\/wernerwilmes.eu\/fotoblog\/wp-json\/wp\/v2\/types\/page"}],"author":[{"embeddable":true,"href":"https:\/\/wernerwilmes.eu\/fotoblog\/wp-json\/wp\/v2\/users\/1"}],"replies":[{"embeddable":true,"href":"https:\/\/wernerwilmes.eu\/fotoblog\/wp-json\/wp\/v2\/comments?post=9034"}],"version-history":[{"count":19,"href":"https:\/\/wernerwilmes.eu\/fotoblog\/wp-json\/wp\/v2\/pages\/9034\/revisions"}],"predecessor-version":[{"id":12402,"href":"https:\/\/wernerwilmes.eu\/fotoblog\/wp-json\/wp\/v2\/pages\/9034\/revisions\/12402"}],"wp:attachment":[{"href":"https:\/\/wernerwilmes.eu\/fotoblog\/wp-json\/wp\/v2\/media?parent=9034"}],"curies":[{"name":"wp","href":"https:\/\/api.w.org\/{rel}","templated":true}]}}