{"id":2,"date":"2020-08-28T18:50:07","date_gmt":"2020-08-28T16:50:07","guid":{"rendered":"https:\/\/wernerwilmes.eu\/fotoblog\/?page_id=2"},"modified":"2026-03-16T15:53:24","modified_gmt":"2026-03-16T14:53:24","slug":"das-bin-ich","status":"publish","type":"page","link":"https:\/\/wernerwilmes.eu\/fotoblog\/das-bin-ich\/","title":{"rendered":"Das bin ich"},"content":{"rendered":"\t\t<div data-elementor-type=\"wp-page\" data-elementor-id=\"2\" class=\"elementor elementor-2\" data-elementor-post-type=\"page\">\n\t\t\t\t<div class=\"elementor-element elementor-element-da3dbaf e-flex e-con-boxed e-con e-parent\" data-id=\"da3dbaf\" data-element_type=\"container\" data-e-type=\"container\">\n\t\t\t\t\t<div class=\"e-con-inner\">\n\t\t\t\t<div class=\"elementor-element elementor-element-c6df6b6 elementor-widget elementor-widget-heading\" data-id=\"c6df6b6\" data-element_type=\"widget\" data-e-type=\"widget\" data-widget_type=\"heading.default\">\n\t\t\t\t\t<h2 class=\"elementor-heading-title elementor-size-default\">Das bin ich<\/h2>\t\t\t\t<\/div>\n\t\t\t\t\t<\/div>\n\t\t\t\t<\/div>\n\t\t<div class=\"elementor-element elementor-element-7da252a e-flex e-con-boxed e-con e-parent\" data-id=\"7da252a\" data-element_type=\"container\" data-e-type=\"container\">\n\t\t\t\t\t<div class=\"e-con-inner\">\n\t\t\t\t<div class=\"elementor-element elementor-element-89a3d49 elementor-widget elementor-widget-image\" data-id=\"89a3d49\" data-element_type=\"widget\" data-e-type=\"widget\" data-widget_type=\"image.default\">\n\t\t\t\t\t\t\t\t\t\t\t\t\t\t\t<img decoding=\"async\" src=\"https:\/\/wernerwilmes.eu\/fotoblog\/wp-content\/uploads\/elementor\/thumbs\/WW-Portrait-Molin3-Quadrat-Kopie-scaled-riwckgez93rnl1n7ofdigbvgw2toouivmt451tdueg.jpg\" title=\"WW Portrait Molin3 Quadrat Kopie\" alt=\"Werner Wilmes Portrait vor Windm\u00fchle\" loading=\"lazy\" \/>\t\t\t\t\t\t\t\t\t\t\t\t\t\t\t<\/div>\n\t\t\t\t\t<\/div>\n\t\t\t\t<\/div>\n\t\t<div class=\"elementor-element elementor-element-4e8228ee e-flex e-con-boxed e-con e-parent\" data-id=\"4e8228ee\" data-element_type=\"container\" data-e-type=\"container\">\n\t\t\t\t\t<div class=\"e-con-inner\">\n\t\t\t\t<div class=\"elementor-element elementor-element-ee05e3f elementor-widget elementor-widget-text-editor\" data-id=\"ee05e3f\" data-element_type=\"widget\" data-e-type=\"widget\" data-widget_type=\"text-editor.default\">\n\t\t\t\t\t\t\t\t\t\n<p>Filmemacher, Fotograf und Songtexter. Kreativ und flexibel unterwegs.<\/p>\n\n<p>Anfangs, in jungen Jahren, habe ich mich fast nur mit Videoproduktion befasst. Es war die Zeit des Analogen. Zus\u00e4tzlich, es war Anfang der 80er Jahre, befasste ich mich zunehmend mit IT. Schnell ging meine Reise mit Video in den semiprofessionellen Bereich, auch dank guter Kontakte in die Profi-Szene. Das brachte mich schnell voran.<\/p>\n\n<p>Wer damals in dem Bereich unterwegs war wei\u00df, dass professionelles Equipment nur zu enormen Preisen zu haben war, sowohl in Sachen TV\/Video als auch im Bereich IT. Mein Hauptberuf war aber immer ein anderer im kaufm\u00e4nnischen Bereich und ich entschied, mich nur noch darauf zu konzentrieren. Die Entwicklung im Bereich IT und mein Hang zum Grafikdesign sind aber nie eingeschlafen.<\/p>\n\n<p>Mit der Freude an der Fotographie kam dann auch die Lust auf Video zur\u00fcck. Und ich hatte wieder die Zeit daf\u00fcr, denn mein kaufm\u00e4nnisches Berufsleben war zu Ende. Das war im Jahr 2013. Inzwischen war zudem sehr gutes, fast professionelles Equipment zu sehr smarten Kosten zu haben. So entwickelten sich die Dinge schnell. Bald machte ich &#8222;richtige&#8220; Dokumentationen.<\/p>\n\n<p>Neuerdings mit der rasanten Entwicklung der AI kam noch eine Leidenschaft ans Tageslicht. Das Songtexten. Und da man heute Musik mit AI selbst generieren kann, produziere ich nun nicht nur meine eigene Filmmusik, sondern setze auch noch andere Erg\u00fcsse audio-visuell in die Welt.<\/p>\n\n<p>Es bleibt also spannend.<\/p>\n\t\t\t\t\t\t\t\t<\/div>\n\t\t\t\t<div class=\"elementor-element elementor-element-dffdb91 elementor-widget elementor-widget-text-editor\" data-id=\"dffdb91\" data-element_type=\"widget\" data-e-type=\"widget\" data-widget_type=\"text-editor.default\">\n\t\t\t\t\t\t\t\t\t<p><strong>Fr\u00fcher ambitionierter Bankkaufmann &#8211; jetzt profilierter Filmemacher und Fotograf<\/strong><\/p>\t\t\t\t\t\t\t\t<\/div>\n\t\t\t\t<div class=\"elementor-element elementor-element-d3a1e54 elementor-widget elementor-widget-image\" data-id=\"d3a1e54\" data-element_type=\"widget\" data-e-type=\"widget\" data-widget_type=\"image.default\">\n\t\t\t\t\t\t\t\t\t\t\t\t\t\t\t\t<a href=\"https:\/\/wernerwilmes.eu\/fotoblog\/fotos\/sta.webp\">\n\t\t\t\t\t\t\t<img fetchpriority=\"high\" decoding=\"async\" width=\"800\" height=\"601\" src=\"https:\/\/wernerwilmes.eu\/fotoblog\/wp-content\/uploads\/2026\/03\/sta-2650x1992.webp\" class=\"attachment-large size-large wp-image-12921\" alt=\"Stadtanzeiger Zeitungsartikel Portrait Werner Wilmes\" srcset=\"https:\/\/wernerwilmes.eu\/fotoblog\/wp-content\/uploads\/2026\/03\/sta-2650x1992.webp 2650w, https:\/\/wernerwilmes.eu\/fotoblog\/wp-content\/uploads\/2026\/03\/sta-300x225.webp 300w, https:\/\/wernerwilmes.eu\/fotoblog\/wp-content\/uploads\/2026\/03\/sta-768x577.webp 768w, https:\/\/wernerwilmes.eu\/fotoblog\/wp-content\/uploads\/2026\/03\/sta-1536x1154.webp 1536w, https:\/\/wernerwilmes.eu\/fotoblog\/wp-content\/uploads\/2026\/03\/sta-2048x1539.webp 2048w\" sizes=\"(max-width: 800px) 100vw, 800px\" \/>\t\t\t\t\t\t\t\t<\/a>\n\t\t\t\t\t\t\t\t\t\t\t\t\t\t\t<\/div>\n\t\t\t\t<div class=\"elementor-element elementor-element-037a018 elementor-widget elementor-widget-text-editor\" data-id=\"037a018\" data-element_type=\"widget\" data-e-type=\"widget\" data-widget_type=\"text-editor.default\">\n\t\t\t\t\t\t\t\t\t<p>Ein Portrait \u00fcber mich von Arnold P\u00f6hlker f\u00fcr den Stadtanzeiger Horn-Bad Meinberg (anklicken f\u00fcr Vergr\u00f6\u00dferung)<\/p>\t\t\t\t\t\t\t\t<\/div>\n\t\t\t\t\t<\/div>\n\t\t\t\t<\/div>\n\t\t<div class=\"elementor-element elementor-element-28b2a6a e-flex e-con-boxed e-con e-parent\" data-id=\"28b2a6a\" data-element_type=\"container\" data-e-type=\"container\">\n\t\t\t\t\t<div class=\"e-con-inner\">\n\t\t\t\t<div class=\"elementor-element elementor-element-bdbcaac elementor-widget elementor-widget-text-editor\" data-id=\"bdbcaac\" data-element_type=\"widget\" data-e-type=\"widget\" data-widget_type=\"text-editor.default\">\n\t\t\t\t\t\t\t\t\t<p>Schau Dir dieses kurze Video an, das in Form eines Musik-Videos zeigt, was mich antreibt.<\/p>\t\t\t\t\t\t\t\t<\/div>\n\t\t\t\t\t<\/div>\n\t\t\t\t<\/div>\n\t\t<div class=\"elementor-element elementor-element-b4724c4 e-flex e-con-boxed e-con e-parent\" data-id=\"b4724c4\" data-element_type=\"container\" data-e-type=\"container\">\n\t\t\t\t\t<div class=\"e-con-inner\">\n\t\t\t\t<div class=\"elementor-element elementor-element-032d02b elementor-widget elementor-widget-video\" data-id=\"032d02b\" data-element_type=\"widget\" data-e-type=\"widget\" data-settings=\"{&quot;youtube_url&quot;:&quot;https:\\\/\\\/youtu.be\\\/8RiwqQFQhes&quot;,&quot;video_type&quot;:&quot;youtube&quot;,&quot;controls&quot;:&quot;yes&quot;}\" data-widget_type=\"video.default\">\n\t\t\t\t\t\t\t<div class=\"elementor-wrapper elementor-open-inline\">\n\t\t\t<div class=\"elementor-video\"><\/div>\t\t<\/div>\n\t\t\t\t\t\t<\/div>\n\t\t\t\t\t<\/div>\n\t\t\t\t<\/div>\n\t\t<div class=\"elementor-element elementor-element-d5d6ee9 e-flex e-con-boxed e-con e-parent\" data-id=\"d5d6ee9\" data-element_type=\"container\" data-e-type=\"container\">\n\t\t\t\t\t<div class=\"e-con-inner\">\n\t\t\t\t<div class=\"elementor-element elementor-element-c8d6726 elementor-widget elementor-widget-heading\" data-id=\"c8d6726\" data-element_type=\"widget\" data-e-type=\"widget\" data-widget_type=\"heading.default\">\n\t\t\t\t\t<h2 class=\"elementor-heading-title elementor-size-default\">Malerei<\/h2>\t\t\t\t<\/div>\n\t\t\t\t\t<\/div>\n\t\t\t\t<\/div>\n\t\t<div class=\"elementor-element elementor-element-fe42570 e-flex e-con-boxed e-con e-parent\" data-id=\"fe42570\" data-element_type=\"container\" data-e-type=\"container\">\n\t\t\t\t\t<div class=\"e-con-inner\">\n\t\t\t\t<div class=\"elementor-element elementor-element-66d61fa elementor-widget elementor-widget-text-editor\" data-id=\"66d61fa\" data-element_type=\"widget\" data-e-type=\"widget\" data-widget_type=\"text-editor.default\">\n\t\t\t\t\t\t\t\t\t<p>Zu meinen kreativen Aktivit\u00e4ten z\u00e4hlt auch die Malerei, die ich besonders in sehr jungen Jahren betrieben habe. Sp\u00e4ter, wie auf dem Foto 2005 in D\u00e9nia, kam ich aber nur noch selten dazu. Diese Kreativit\u00e4t nimmt auf dieser Webseite keinen besonderen Raum ein, unerw\u00e4hnt will ich sie aber trotzdem nicht lassen. Auf dem Foto sieht man mich auf der Terrasse in D\u00e9nia beim Anfertigen eines \u00d6lgem\u00e4ldes vom Castillo de D\u00e9nia, der wundsch\u00f6nen Burg der Stadt in der Marina Alta.\u00a0<\/p>\t\t\t\t\t\t\t\t<\/div>\n\t\t\t\t\t<\/div>\n\t\t\t\t<\/div>\n\t\t<div class=\"elementor-element elementor-element-9a1efa6 e-flex e-con-boxed e-con e-parent\" data-id=\"9a1efa6\" data-element_type=\"container\" data-e-type=\"container\">\n\t\t\t\t\t<div class=\"e-con-inner\">\n\t\t\t\t<div class=\"elementor-element elementor-element-ed5a7b4 elementor-widget elementor-widget-image\" data-id=\"ed5a7b4\" data-element_type=\"widget\" data-e-type=\"widget\" data-widget_type=\"image.default\">\n\t\t\t\t\t\t\t\t\t\t\t\t\t\t\t<img decoding=\"async\" src=\"https:\/\/wernerwilmes.eu\/fotoblog\/wp-content\/uploads\/elementor\/thumbs\/HPIM2843-NB-scaled-riycpsymfd61c0nhusq5vxmp01446vhxdg211mysiw.jpg\" title=\"\u00d6lgem\u00e4lde Malerei\" alt=\"Ein Maler malt ein \u00d6lbild vom Castillo de D\u00e9nia\" loading=\"lazy\" \/>\t\t\t\t\t\t\t\t\t\t\t\t\t\t\t<\/div>\n\t\t<div class=\"elementor-element elementor-element-b8977f5 e-con-full e-flex e-con e-child\" data-id=\"b8977f5\" data-element_type=\"container\" data-e-type=\"container\">\n\t\t\t\t<div class=\"elementor-element elementor-element-1146a43 elementor-widget elementor-widget-heading\" data-id=\"1146a43\" data-element_type=\"widget\" data-e-type=\"widget\" data-widget_type=\"heading.default\">\n\t\t\t\t\t<h2 class=\"elementor-heading-title elementor-size-default\">Mein Schnittplatz<\/h2>\t\t\t\t<\/div>\n\t\t\t\t<\/div>\n\t\t\t\t\t<\/div>\n\t\t\t\t<\/div>\n\t\t<div class=\"elementor-element elementor-element-2c2d058 e-flex e-con-boxed e-con e-parent\" data-id=\"2c2d058\" data-element_type=\"container\" data-e-type=\"container\">\n\t\t\t\t\t<div class=\"e-con-inner\">\n\t\t\t\t<div class=\"elementor-element elementor-element-01cf759 elementor-widget elementor-widget-text-editor\" data-id=\"01cf759\" data-element_type=\"widget\" data-e-type=\"widget\" data-widget_type=\"text-editor.default\">\n\t\t\t\t\t\t\t\t\t<p>Heute ist meine Kreativ-Workstation keine Staffelei mehr. Ja, das ist im Grunde ein Mini-B\u00fcro. Ich habe den kleinen Raum mit viel Ideenreichtum und handwerklichem Geschick zu einem sehr gut organisierten Schnittplatz gemacht. Hier kann ich alle Aufgaben bew\u00e4ltigen, von der Planung bis zum endg\u00fcltigen Schnitt. Auch mein Sounddesign und die Musikproduktion l\u00e4uft hier. F\u00fcr Studioanforderungen wie Fotografie und Aufnahmen, bei denen ich vor der Kamera stehen muss, habe ich drau\u00dfen im Au\u00dfenbereich gen\u00fcgend Platz und eine studio\u00e4hnliche \u00fcberdachte Konfiguration auch f\u00fcr Beleuchtung und kann dort sogar arbeiten, wenn es regnet.<\/p>\t\t\t\t\t\t\t\t<\/div>\n\t\t\t\t<div class=\"elementor-element elementor-element-1a77c46 elementor-widget elementor-widget-image\" data-id=\"1a77c46\" data-element_type=\"widget\" data-e-type=\"widget\" data-widget_type=\"image.default\">\n\t\t\t\t\t\t\t\t\t\t\t\t\t\t\t<img decoding=\"async\" src=\"https:\/\/wernerwilmes.eu\/fotoblog\/wp-content\/uploads\/elementor\/thumbs\/PS1_0155-Schnittplatz-scaled-rizoij8blyo35rnhrl56h2xg815i8yl1clrsiag2ky.jpg\" title=\"PS1_0155-Schnittplatz\" alt=\"Schnittplatz im Studio\" loading=\"lazy\" \/>\t\t\t\t\t\t\t\t\t\t\t\t\t\t\t<\/div>\n\t\t\t\t\t<\/div>\n\t\t\t\t<\/div>\n\t\t<div class=\"elementor-element elementor-element-f5fb327 e-flex e-con-boxed e-con e-parent\" data-id=\"f5fb327\" data-element_type=\"container\" data-e-type=\"container\">\n\t\t\t\t\t<div class=\"e-con-inner\">\n\t\t\t\t<div class=\"elementor-element elementor-element-25fcc6f elementor-align-center elementor-widget elementor-widget-button\" data-id=\"25fcc6f\" data-element_type=\"widget\" data-e-type=\"widget\" data-widget_type=\"button.default\">\n\t\t\t\t\t\t\t\t\t\t<a class=\"elementor-button elementor-button-link elementor-size-sm\" href=\"https:\/\/youtube.com\/@wilmesdoku\" target=\"_blank\" rel=\"noopener\">\n\t\t\t\t\t\t<span class=\"elementor-button-content-wrapper\">\n\t\t\t\t\t\t\t\t\t<span class=\"elementor-button-text\">Traumhaft sch\u00f6ne Videos auf meinem Kanal<\/span>\n\t\t\t\t\t<\/span>\n\t\t\t\t\t<\/a>\n\t\t\t\t\t\t\t\t<\/div>\n\t\t\t\t\t<\/div>\n\t\t\t\t<\/div>\n\t\t<div class=\"elementor-element elementor-element-712b590 e-flex e-con-boxed e-con e-parent\" data-id=\"712b590\" data-element_type=\"container\" data-e-type=\"container\">\n\t\t\t\t\t<div class=\"e-con-inner\">\n\t\t\t\t<div class=\"elementor-element elementor-element-bc65308 elementor-align-center elementor-widget elementor-widget-button\" data-id=\"bc65308\" data-element_type=\"widget\" data-e-type=\"widget\" data-widget_type=\"button.default\">\n\t\t\t\t\t\t\t\t\t\t<a class=\"elementor-button elementor-button-link elementor-size-sm\" href=\"https:\/\/www.facebook.com\/werner.wilmes.5055\" target=\"_blank\" rel=\"noopener\">\n\t\t\t\t\t\t<span class=\"elementor-button-content-wrapper\">\n\t\t\t\t\t\t<span class=\"elementor-button-icon\">\n\t\t\t\t<svg aria-hidden=\"true\" class=\"e-font-icon-svg e-fab-facebook\" viewBox=\"0 0 512 512\" xmlns=\"http:\/\/www.w3.org\/2000\/svg\"><path d=\"M504 256C504 119 393 8 256 8S8 119 8 256c0 123.78 90.69 226.38 209.25 245V327.69h-63V256h63v-54.64c0-62.15 37-96.48 93.67-96.48 27.14 0 55.52 4.84 55.52 4.84v61h-31.28c-30.8 0-40.41 19.12-40.41 38.73V256h68.78l-11 71.69h-57.78V501C413.31 482.38 504 379.78 504 256z\"><\/path><\/svg>\t\t\t<\/span>\n\t\t\t\t\t\t\t\t\t<span class=\"elementor-button-text\">Besuche mein facebook<\/span>\n\t\t\t\t\t<\/span>\n\t\t\t\t\t<\/a>\n\t\t\t\t\t\t\t\t<\/div>\n\t\t\t\t\t<\/div>\n\t\t\t\t<\/div>\n\t\t\t\t<\/div>\n\t\t","protected":false},"excerpt":{"rendered":"<p>Das bin ich Filmemacher, Fotograf und Songtexter. Kreativ und flexibel unterwegs. Anfangs, in jungen Jahren, habe ich mich fast nur mit Videoproduktion befasst. Es war die Zeit des Analogen. Zus\u00e4tzlich, es war Anfang der 80er Jahre, befasste ich mich zunehmend mit IT. Schnell ging meine Reise mit Video in den semiprofessionellen Bereich, auch dank guter [&hellip;]<\/p>\n","protected":false},"author":1,"featured_media":0,"parent":0,"menu_order":0,"comment_status":"closed","ping_status":"closed","template":"elementor_header_footer","meta":{"footnotes":""},"class_list":["post-2","page","type-page","status-publish","hentry"],"_links":{"self":[{"href":"https:\/\/wernerwilmes.eu\/fotoblog\/wp-json\/wp\/v2\/pages\/2","targetHints":{"allow":["GET"]}}],"collection":[{"href":"https:\/\/wernerwilmes.eu\/fotoblog\/wp-json\/wp\/v2\/pages"}],"about":[{"href":"https:\/\/wernerwilmes.eu\/fotoblog\/wp-json\/wp\/v2\/types\/page"}],"author":[{"embeddable":true,"href":"https:\/\/wernerwilmes.eu\/fotoblog\/wp-json\/wp\/v2\/users\/1"}],"replies":[{"embeddable":true,"href":"https:\/\/wernerwilmes.eu\/fotoblog\/wp-json\/wp\/v2\/comments?post=2"}],"version-history":[{"count":140,"href":"https:\/\/wernerwilmes.eu\/fotoblog\/wp-json\/wp\/v2\/pages\/2\/revisions"}],"predecessor-version":[{"id":12936,"href":"https:\/\/wernerwilmes.eu\/fotoblog\/wp-json\/wp\/v2\/pages\/2\/revisions\/12936"}],"wp:attachment":[{"href":"https:\/\/wernerwilmes.eu\/fotoblog\/wp-json\/wp\/v2\/media?parent=2"}],"curies":[{"name":"wp","href":"https:\/\/api.w.org\/{rel}","templated":true}]}}