{"id":13230,"date":"2026-04-08T06:53:22","date_gmt":"2026-04-08T04:53:22","guid":{"rendered":"https:\/\/wernerwilmes.eu\/fotoblog\/?page_id=13230"},"modified":"2026-04-08T07:04:04","modified_gmt":"2026-04-08T05:04:04","slug":"galizien-fotobuch","status":"publish","type":"page","link":"https:\/\/wernerwilmes.eu\/fotoblog\/galizien-fotobuch\/","title":{"rendered":"Galizien Fotobuch"},"content":{"rendered":"\t\t<div data-elementor-type=\"wp-page\" data-elementor-id=\"13230\" class=\"elementor elementor-13230\" data-elementor-post-type=\"page\">\n\t\t\t\t<div class=\"elementor-element elementor-element-c28a582 e-flex e-con-boxed e-con e-parent\" data-id=\"c28a582\" data-element_type=\"container\" data-e-type=\"container\">\n\t\t\t\t\t<div class=\"e-con-inner\">\n\t\t\t\t<div class=\"elementor-element elementor-element-aa4ef47 elementor-widget elementor-widget-heading\" data-id=\"aa4ef47\" data-element_type=\"widget\" data-e-type=\"widget\" data-widget_type=\"heading.default\">\n\t\t\t\t\t<h2 class=\"elementor-heading-title elementor-size-default\">Galizien Fotobuch<\/h2>\t\t\t\t<\/div>\n\t\t\t\t\t<\/div>\n\t\t\t\t<\/div>\n\t\t<div class=\"elementor-element elementor-element-bafeead e-flex e-con-boxed e-con e-parent\" data-id=\"bafeead\" data-element_type=\"container\" data-e-type=\"container\">\n\t\t\t\t\t<div class=\"e-con-inner\">\n\t\t\t\t<div class=\"elementor-element elementor-element-f3f3ea8 elementor-widget elementor-widget-image\" data-id=\"f3f3ea8\" data-element_type=\"widget\" data-e-type=\"widget\" data-widget_type=\"image.default\">\n\t\t\t\t\t\t\t\t\t\t\t\t\t\t\t<img fetchpriority=\"high\" decoding=\"async\" width=\"800\" height=\"446\" src=\"https:\/\/wernerwilmes.eu\/fotoblog\/wp-content\/uploads\/2026\/04\/Bildband-Galizien3-2650x1479.jpg\" class=\"attachment-large size-large wp-image-13234\" alt=\"Cover Bildband Galizien Fotobuch\" srcset=\"https:\/\/wernerwilmes.eu\/fotoblog\/wp-content\/uploads\/2026\/04\/Bildband-Galizien3-2650x1479.jpg 2650w, https:\/\/wernerwilmes.eu\/fotoblog\/wp-content\/uploads\/2026\/04\/Bildband-Galizien3-300x167.jpg 300w, https:\/\/wernerwilmes.eu\/fotoblog\/wp-content\/uploads\/2026\/04\/Bildband-Galizien3-768x429.jpg 768w, https:\/\/wernerwilmes.eu\/fotoblog\/wp-content\/uploads\/2026\/04\/Bildband-Galizien3-1536x857.jpg 1536w, https:\/\/wernerwilmes.eu\/fotoblog\/wp-content\/uploads\/2026\/04\/Bildband-Galizien3-2048x1143.jpg 2048w\" sizes=\"(max-width: 800px) 100vw, 800px\" \/>\t\t\t\t\t\t\t\t\t\t\t\t\t\t\t<\/div>\n\t\t\t\t\t<\/div>\n\t\t\t\t<\/div>\n\t\t<div class=\"elementor-element elementor-element-df440d8 e-flex e-con-boxed e-con e-parent\" data-id=\"df440d8\" data-element_type=\"container\" data-e-type=\"container\">\n\t\t\t\t\t<div class=\"e-con-inner\">\n\t\t\t\t<div class=\"elementor-element elementor-element-78ea98c elementor-widget elementor-widget-text-editor\" data-id=\"78ea98c\" data-element_type=\"widget\" data-e-type=\"widget\" data-widget_type=\"text-editor.default\">\n\t\t\t\t\t\t\t\t\t<p><strong>Galizien &#8211; Der keltische Norden im Winter<\/strong><\/p><p>Die n\u00f6rdliche K\u00fcste Galiziens ist ein Ort, der Dich mit seiner rauen Sch\u00f6nheit und wilden Natur sofort in seinen Bann zieht. Von den stillen Ufern bei Foz bis zum Rio Mi\u00f1o habe ich diese faszinierende Region mit der Kamera erkundet \u2013 immer auf der Suche nach den Leuchtt\u00fcrmen, die wie stille W\u00e4chter \u00fcber diese gef\u00e4hrliche K\u00fcste wachen.<\/p><p>Die Costa de la Morte, die \u201eK\u00fcste des Todes\u201c, ist nicht nur ein Ort voller Legenden und Seefahrergeschichten, sondern auch eine Landschaft gesegnet mit wilder Sch\u00f6nheit. Schroffe Klippen, tobende Wellen und das sich st\u00e4ndig wandelnde Licht des Atlantiks schaffen eine B\u00fchne, die dramatischer kaum sein k\u00f6nnte. Ein Sehnsuchtsort f\u00fcr viele Reisende und Pilger ist der Leuchtturm von Finisterre \u2013 der Ort, der einst als das Ende der Welt galt. Die Aussicht, die dramatische Kulisse und das Spiel von Licht und Schatten in den Abendstunden ist f\u00fcr viele Wanderer der kr\u00f6nende Abschluss ihres Weges.<\/p><p>In diesem Dezember krachen Wellen von \u00fcber sieben Metern an die Klippen, w\u00e4hrend der Wasserfall von \u00c9zaro spektakul\u00e4r den glatten Felsen hinunter- st\u00fcrzt \u2013 ein Anblick, der Dich Demut und Ehrfurcht sp\u00fcren l\u00e4sst. Der Leuchtturm von Cabo Vil\u00e1n steht wie ein stiller W\u00e4chter an der Westk\u00fcste mit einem fantastischen Blick auf den atlantischen Ozean. Er ist ein Symbol f\u00fcr die St\u00e4rke und Widerstandsf\u00e4higkeit dieser K\u00fcste.<\/p><p>Der s\u00fcdliche Abschnitt der galizischen K\u00fcste bis zur portugiesischen Grenze am Rio Mi\u00f1o, ist eine faszinierende Mischung aus rauer Atlantikgewalt und kultureller Vielfalt. Die ungez\u00e4hmte Kraft der Natur ist hier allgegenw\u00e4rtig. Zwischen diesen Naturgewalten gibt es auch Orte voller Geschichte und Charme: Der Hafen von Muros mit seinen Fischerbooten, Baiona mit dem majest\u00e4tischen Castello de Monterreal, und das Mosteiro de Santa Mar\u00eda, das als spiritueller R\u00fcckzugsort eine ganz eigene Ruhe ausstrahlt. Am s\u00fcdlichen Ende der Reise wartet die portugiesische Grenze bei A Guarda am m\u00e4chtigen Rio Mi\u00f1o.<\/p><p>Dieser Bildband ist eine Hommage an die wechselnden Gesichter dieser K\u00fcste \u2013 von der unb\u00e4ndigen Kraft des Atlantiks bis hin zu den stillen Momenten, in denen Geschichte und Natur eine harmonische Einheit bilden.<\/p>\t\t\t\t\t\t\t\t<\/div>\n\t\t\t\t\t<\/div>\n\t\t\t\t<\/div>\n\t\t<div class=\"elementor-element elementor-element-164dcb9 e-flex e-con-boxed e-con e-parent\" data-id=\"164dcb9\" data-element_type=\"container\" data-e-type=\"container\">\n\t\t\t\t\t<div class=\"e-con-inner\">\n\t\t\t\t<div class=\"elementor-element elementor-element-362d1da elementor-widget elementor-widget-image\" data-id=\"362d1da\" data-element_type=\"widget\" data-e-type=\"widget\" data-widget_type=\"image.default\">\n\t\t\t\t\t\t\t\t\t\t\t\t\t\t\t<img decoding=\"async\" width=\"800\" height=\"359\" src=\"https:\/\/wernerwilmes.eu\/fotoblog\/wp-content\/uploads\/2026\/04\/Bildband-Galizien2b-2650x1188.jpg\" class=\"attachment-large size-large wp-image-13235\" alt=\"\" srcset=\"https:\/\/wernerwilmes.eu\/fotoblog\/wp-content\/uploads\/2026\/04\/Bildband-Galizien2b-2650x1188.jpg 2650w, https:\/\/wernerwilmes.eu\/fotoblog\/wp-content\/uploads\/2026\/04\/Bildband-Galizien2b-300x134.jpg 300w, https:\/\/wernerwilmes.eu\/fotoblog\/wp-content\/uploads\/2026\/04\/Bildband-Galizien2b-768x344.jpg 768w, https:\/\/wernerwilmes.eu\/fotoblog\/wp-content\/uploads\/2026\/04\/Bildband-Galizien2b-1536x688.jpg 1536w, https:\/\/wernerwilmes.eu\/fotoblog\/wp-content\/uploads\/2026\/04\/Bildband-Galizien2b-2048x918.jpg 2048w\" sizes=\"(max-width: 800px) 100vw, 800px\">\t\t\t\t\t\t\t\t\t\t\t\t\t\t\t<\/div>\n\t\t\t\t\t<\/div>\n\t\t\t\t<\/div>\n\t\t<div class=\"elementor-element elementor-element-b258b2e e-flex e-con-boxed e-con e-parent\" data-id=\"b258b2e\" data-element_type=\"container\" data-e-type=\"container\">\n\t\t\t\t\t<div class=\"e-con-inner\">\n\t\t\t\t<div class=\"elementor-element elementor-element-0e9ac3f elementor-widget elementor-widget-image\" data-id=\"0e9ac3f\" data-element_type=\"widget\" data-e-type=\"widget\" data-widget_type=\"image.default\">\n\t\t\t\t\t\t\t\t\t\t\t\t\t\t\t<img decoding=\"async\" width=\"800\" height=\"446\" src=\"https:\/\/wernerwilmes.eu\/fotoblog\/wp-content\/uploads\/2026\/04\/Bildband-Galizien-2650x1479.jpg\" class=\"attachment-large size-large wp-image-13232\" alt=\"\" srcset=\"https:\/\/wernerwilmes.eu\/fotoblog\/wp-content\/uploads\/2026\/04\/Bildband-Galizien-2650x1479.jpg 2650w, https:\/\/wernerwilmes.eu\/fotoblog\/wp-content\/uploads\/2026\/04\/Bildband-Galizien-300x167.jpg 300w, https:\/\/wernerwilmes.eu\/fotoblog\/wp-content\/uploads\/2026\/04\/Bildband-Galizien-768x429.jpg 768w, https:\/\/wernerwilmes.eu\/fotoblog\/wp-content\/uploads\/2026\/04\/Bildband-Galizien-1536x857.jpg 1536w, https:\/\/wernerwilmes.eu\/fotoblog\/wp-content\/uploads\/2026\/04\/Bildband-Galizien-2048x1143.jpg 2048w\" sizes=\"(max-width: 800px) 100vw, 800px\">\t\t\t\t\t\t\t\t\t\t\t\t\t\t\t<\/div>\n\t\t\t\t\t<\/div>\n\t\t\t\t<\/div>\n\t\t<div class=\"elementor-element elementor-element-f56967e e-flex e-con-boxed e-con e-parent\" data-id=\"f56967e\" data-element_type=\"container\" data-e-type=\"container\">\n\t\t\t\t\t<div class=\"e-con-inner\">\n\t\t\t\t<div class=\"elementor-element elementor-element-166f16d elementor-widget elementor-widget-text-editor\" data-id=\"166f16d\" data-element_type=\"widget\" data-e-type=\"widget\" data-widget_type=\"text-editor.default\">\n\t\t\t\t\t\t\t\t\t<p><strong>Ein hochwertiges Fotobuch<\/strong><\/p><p>128 Seiten<br \/>Format: A4 quer Hardcover 170g wei\u00df, matt<br \/>Erscheinungsdatum: 03.04.2026<br \/>ISBN: 9783565381012<br \/>Sprache: Deutsch<br \/>64,99 \u20ac inkl. MwSt.<\/p>\t\t\t\t\t\t\t\t<\/div>\n\t\t\t\t<div class=\"elementor-element elementor-element-9ae91e0 elementor-align-center elementor-widget elementor-widget-button\" data-id=\"9ae91e0\" data-element_type=\"widget\" data-e-type=\"widget\" data-widget_type=\"button.default\">\n\t\t\t\t\t\t\t\t\t\t<a class=\"elementor-button elementor-button-link elementor-size-sm\" href=\"https:\/\/www.epubli.com\/shop\/galizien-9783565381012\" target=\"_blank\" rel=\"noopener\">\n\t\t\t\t\t\t<span class=\"elementor-button-content-wrapper\">\n\t\t\t\t\t\t\t\t\t<span class=\"elementor-button-text\">Bildband bei epubli.com<\/span>\n\t\t\t\t\t<\/span>\n\t\t\t\t\t<\/a>\n\t\t\t\t\t\t\t\t<\/div>\n\t\t\t\t\t<\/div>\n\t\t\t\t<\/div>\n\t\t\t\t<\/div>\n\t\t","protected":false},"excerpt":{"rendered":"<p>Galizien Fotobuch Galizien &#8211; Der keltische Norden im Winter Die n\u00f6rdliche K\u00fcste Galiziens ist ein Ort, der Dich mit seiner rauen Sch\u00f6nheit und wilden Natur sofort in seinen Bann zieht. Von den stillen Ufern bei Foz bis zum Rio Mi\u00f1o habe ich diese faszinierende Region mit der Kamera erkundet \u2013 immer auf der Suche nach [&hellip;]<\/p>\n","protected":false},"author":3,"featured_media":0,"parent":0,"menu_order":0,"comment_status":"closed","ping_status":"closed","template":"elementor_header_footer","meta":{"footnotes":""},"class_list":["post-13230","page","type-page","status-publish","hentry"],"_links":{"self":[{"href":"https:\/\/wernerwilmes.eu\/fotoblog\/wp-json\/wp\/v2\/pages\/13230","targetHints":{"allow":["GET"]}}],"collection":[{"href":"https:\/\/wernerwilmes.eu\/fotoblog\/wp-json\/wp\/v2\/pages"}],"about":[{"href":"https:\/\/wernerwilmes.eu\/fotoblog\/wp-json\/wp\/v2\/types\/page"}],"author":[{"embeddable":true,"href":"https:\/\/wernerwilmes.eu\/fotoblog\/wp-json\/wp\/v2\/users\/3"}],"replies":[{"embeddable":true,"href":"https:\/\/wernerwilmes.eu\/fotoblog\/wp-json\/wp\/v2\/comments?post=13230"}],"version-history":[{"count":7,"href":"https:\/\/wernerwilmes.eu\/fotoblog\/wp-json\/wp\/v2\/pages\/13230\/revisions"}],"predecessor-version":[{"id":13242,"href":"https:\/\/wernerwilmes.eu\/fotoblog\/wp-json\/wp\/v2\/pages\/13230\/revisions\/13242"}],"wp:attachment":[{"href":"https:\/\/wernerwilmes.eu\/fotoblog\/wp-json\/wp\/v2\/media?parent=13230"}],"curies":[{"name":"wp","href":"https:\/\/api.w.org\/{rel}","templated":true}]}}