{"id":13209,"date":"2026-04-01T08:31:38","date_gmt":"2026-04-01T06:31:38","guid":{"rendered":"https:\/\/wernerwilmes.eu\/fotoblog\/?page_id=13209"},"modified":"2026-04-01T08:45:18","modified_gmt":"2026-04-01T06:45:18","slug":"meine-buecher","status":"publish","type":"page","link":"https:\/\/wernerwilmes.eu\/fotoblog\/meine-buecher\/","title":{"rendered":"Meine B\u00fccher"},"content":{"rendered":"\t\t<div data-elementor-type=\"wp-page\" data-elementor-id=\"13209\" class=\"elementor elementor-13209\" data-elementor-post-type=\"page\">\n\t\t\t\t<div class=\"elementor-element elementor-element-ad71c40 e-flex e-con-boxed e-con e-parent\" data-id=\"ad71c40\" data-element_type=\"container\" data-e-type=\"container\">\n\t\t\t\t\t<div class=\"e-con-inner\">\n\t\t\t\t<div class=\"elementor-element elementor-element-a11b46c elementor-widget elementor-widget-heading\" data-id=\"a11b46c\" data-element_type=\"widget\" data-e-type=\"widget\" data-widget_type=\"heading.default\">\n\t\t\t\t\t<h2 class=\"elementor-heading-title elementor-size-default\">Meine B\u00fccher<\/h2>\t\t\t\t<\/div>\n\t\t\t\t<div class=\"elementor-element elementor-element-9faca86 elementor-widget__width-initial elementor-widget elementor-widget-image\" data-id=\"9faca86\" data-element_type=\"widget\" data-e-type=\"widget\" data-widget_type=\"image.default\">\n\t\t\t\t\t\t\t\t\t\t\t\t\t\t\t<img decoding=\"async\" src=\"https:\/\/wernerwilmes.eu\/fotoblog\/wp-content\/uploads\/elementor\/thumbs\/Cover-ebook-scaled-rlcs08tyizmye76fqmxs8fca5owj8ie1147fjd3ps0.jpg\" title=\"Cover ebook\" alt=\"Buch Cover Die Kamera als bester Freund Werner Wilmes auf dem Cover\" loading=\"lazy\" \/>\t\t\t\t\t\t\t\t\t\t\t\t\t\t\t<\/div>\n\t\t\t\t\t<\/div>\n\t\t\t\t<\/div>\n\t\t<div class=\"elementor-element elementor-element-bceafe1 e-flex e-con-boxed e-con e-parent\" data-id=\"bceafe1\" data-element_type=\"container\" data-e-type=\"container\">\n\t\t\t\t\t<div class=\"e-con-inner\">\n\t\t\t\t<div class=\"elementor-element elementor-element-b6f0a46 elementor-widget elementor-widget-text-editor\" data-id=\"b6f0a46\" data-element_type=\"widget\" data-e-type=\"widget\" data-widget_type=\"text-editor.default\">\n\t\t\t\t\t\t\t\t\t<p><strong>Die Kamera als bester Freund<\/strong><\/p><p>Foto oder Film &#8211; Eine Weltanschauung<\/p><p>Ein Buch, das tiefe Einblicke in der Welt der Fotografie und des Filmes gibt. Eine Suche nach Antworten, schlie\u00dflich eine Welt im Umbruch und der Tsunami der k\u00fcnstlichen Intelligenz. Printversion 203 Seiten, Sachbuch A5, auch als ebook, Verf\u00fcgbar bei vielen Anbietern<\/p>\t\t\t\t\t\t\t\t<\/div>\n\t\t\t\t\t<\/div>\n\t\t\t\t<\/div>\n\t\t<div class=\"elementor-element elementor-element-5b8e2ee e-flex e-con-boxed e-con e-parent\" data-id=\"5b8e2ee\" data-element_type=\"container\" data-e-type=\"container\">\n\t\t\t\t\t<div class=\"e-con-inner\">\n\t\t\t\t<div class=\"elementor-element elementor-element-7beccd2 elementor-align-center elementor-widget elementor-widget-button\" data-id=\"7beccd2\" data-element_type=\"widget\" data-e-type=\"widget\" data-widget_type=\"button.default\">\n\t\t\t\t\t\t\t\t\t\t<a class=\"elementor-button elementor-button-link elementor-size-sm\" href=\"https:\/\/www.epubli.com\/shop\/die-kamera-als-bester-freund-9783565368938\" target=\"_blank\" rel=\"noopener\">\n\t\t\t\t\t\t<span class=\"elementor-button-content-wrapper\">\n\t\t\t\t\t\t\t\t\t<span class=\"elementor-button-text\">Die Kamera als bester Freund - bei epubli<\/span>\n\t\t\t\t\t<\/span>\n\t\t\t\t\t<\/a>\n\t\t\t\t\t\t\t\t<\/div>\n\t\t\t\t\t<\/div>\n\t\t\t\t<\/div>\n\t\t<div class=\"elementor-element elementor-element-21f67bd e-flex e-con-boxed e-con e-parent\" data-id=\"21f67bd\" data-element_type=\"container\" data-e-type=\"container\">\n\t\t\t\t\t<div class=\"e-con-inner\">\n\t\t\t\t<div class=\"elementor-element elementor-element-16f3bb5 elementor-widget__width-initial elementor-widget elementor-widget-image\" data-id=\"16f3bb5\" data-element_type=\"widget\" data-e-type=\"widget\" data-widget_type=\"image.default\">\n\t\t\t\t\t\t\t\t\t\t\t\t\t\t\t<img decoding=\"async\" src=\"https:\/\/wernerwilmes.eu\/fotoblog\/wp-content\/uploads\/elementor\/thumbs\/Bermpohl-Book-2560-Cover-Kopie-rl158a8iljjik5igl306k3r4f3fjvvl3vuf4o4hn9c.jpg\" title=\"Bermpohl-Book-2560-Cover Kopie\" alt=\"Buch-Cover Der Adolph-Bermpohl-Orkan Sachbuch von Werner Wilmes\" loading=\"lazy\" \/>\t\t\t\t\t\t\t\t\t\t\t\t\t\t\t<\/div>\n\t\t\t\t\t<\/div>\n\t\t\t\t<\/div>\n\t\t<div class=\"elementor-element elementor-element-66b643d e-flex e-con-boxed e-con e-parent\" data-id=\"66b643d\" data-element_type=\"container\" data-e-type=\"container\">\n\t\t\t\t\t<div class=\"e-con-inner\">\n\t\t\t\t<div class=\"elementor-element elementor-element-8e088eb elementor-widget elementor-widget-text-editor\" data-id=\"8e088eb\" data-element_type=\"widget\" data-e-type=\"widget\" data-widget_type=\"text-editor.default\">\n\t\t\t\t\t\t\t\t\t<p><strong>Der Adolph-Bermpohl-Orkan<\/strong><\/p><p>23. Februar 1967<\/p><p>Am 23. Februar 1967 tobt Orkan \u201eXanthia&#8220; \u00fcber der Nordsee. Der niederl\u00e4ndische Fischkutter \u201eBurgemeester van Kampen&#8220; funkt Mayday \u2013 acht Seemeilen n\u00f6rdlich von Helgoland. Drei Fischer k\u00e4mpfen ums \u00dcberleben. Der Seenotrettungskreuzer Adolph Bermpohl, das modernste Schiff der Deutschen Gesellschaft zur Rettung Schiffbr\u00fcchiger, l\u00e4uft aus. Vormann Paul Denker und drei M\u00e4nner nehmen Kurs auf den Kutter. Sie retten die Fischer. Dann herrscht Stille im Funk.Beide Borduhren blieben um 19 Uhr stehen.Sieben M\u00e4nner starben in dieser Nacht \u2013 vier deutsche Seenotretter und drei niederl\u00e4ndische Fischer. Insgesamt forderte der Orkan 80 Menschenleben. Man nannte ihn sp\u00e4ter den Adolph-Bermpohl-Orkan, weil das Schicksal der Retter, die selbst zu Opfern wurden, symbolisch f\u00fcr die Gewalt dieser Nacht steht.Werner Wilmes erz\u00e4hlt diese Geschichte aus einer pers\u00f6nlichen Perspektive. Als Zw\u00f6lfj\u00e4hriger h\u00f6rte er zum ersten Mal von der Bermpohl \u2013 sein Vater, Musiker und Nordsee-Liebhaber, erz\u00e4hlte davon mit einer Ersch\u00fctterung, die er nicht verbergen konnte. Der Satz \u201eDie Nordsee verzeiht keinen Fehler. Und manchmal verzeiht sie nicht mal, wenn du alles richtig machst&#8220; blieb ein Leben lang.Jahrzehnte sp\u00e4ter stand ein Graupner-Modell des Rettungskreuzers in Wilmes&#8216; Wohnzimmer in Berlin-Kladow \u2013 1,21 Meter Erinnerung an eine Geschichte, die ihn nie loslie\u00df. Er machte Sportbootf\u00fchrerscheine, segelte 4.500 Seemeilen, fuhr bei Sturm \u00fcber die Ostsee. Die See wurde Teil seines Lebens, ein Erbe seines Vaters.Diese Erz\u00e4hlung verbindet die historisch belegten Ereignisse jener Orkannacht mit den Schicksalen der Hinterbliebenen, mit seem\u00e4nnischen \u00dcberlegungen und mit der pers\u00f6nlichen Geschichte eines Mannes, der die Liebe zur See von seinem Vater geerbt hat. Sie fragt, was in Paul Denker vorging, als er entschied, in den Orkan hinauszufahren. Sie erz\u00e4hlt von Wilma, die zwei Jahre lang keinen Fisch a\u00df. Und von dem zweij\u00e4hrigen Jakobus, der am Hafen von Termunterzijl fr\u00f6hlich nach seinem Papa rief, der doch endlich zur\u00fcckkommen sollte.Die Natur war gewaltiger als der Mensch, hie\u00df es im Urteil der Seeamtsverhandlung. Aber die Erinnerung ist gewaltiger als die Natur. Denn die Natur vergisst. Wir nicht.Historische Fakten basieren auf den recherchierten Quellen: NDR, DGzRS-Magazin (Christian Stipeldey), Float Magazin sowie Wikipedia. Pers\u00f6nliche Schilderungen von Wilma Vos-Landman wurden auf Grundlage des Artikels von Christian Stipeldey in indirekter Rede wiedergegeben.<\/p><p>Verf\u00fcgbar als ebook bei Amazon &#8211; Kindle<\/p>\t\t\t\t\t\t\t\t<\/div>\n\t\t\t\t\t<\/div>\n\t\t\t\t<\/div>\n\t\t<div class=\"elementor-element elementor-element-5ca58a4 e-flex e-con-boxed e-con e-parent\" data-id=\"5ca58a4\" data-element_type=\"container\" data-e-type=\"container\">\n\t\t\t\t\t<div class=\"e-con-inner\">\n\t\t\t\t<div class=\"elementor-element elementor-element-2f90795 elementor-align-center elementor-widget elementor-widget-button\" data-id=\"2f90795\" data-element_type=\"widget\" data-e-type=\"widget\" data-widget_type=\"button.default\">\n\t\t\t\t\t\t\t\t\t\t<a class=\"elementor-button elementor-button-link elementor-size-sm\" href=\"https:\/\/www.amazon.de\/Adolph-Bermpohl-Orkan-Eine-Erz%C3%A4hlung-Werner-Wilmes-ebook\/dp\/B0GTLL5ZSL\/ref=sr_1_1?__mk_de_DE=%C3%85M%C3%85%C5%BD%C3%95%C3%91&#038;crid=6PGUNUDXER6V&#038;dib=eyJ2IjoiMSJ9.hK3lUcOdJPMVz-Lp3KuMngnAkg_fxK9X_wk40k18nTKqBdW1z-IMtpQRL7OD4rJI.1K7dITOd081Q_qoregYFwz-NEDjd2LhcdgEugopvUgM&#038;dib_tag=se&#038;keywords=Der+Adolph+Bermpohl+Orkan&#038;qid=1775025806&#038;sprefix=der+adolph+bermpohl+orkan%2Caps%2C111&#038;sr=8-1\" target=\"_blank\" rel=\"noopener\">\n\t\t\t\t\t\t<span class=\"elementor-button-content-wrapper\">\n\t\t\t\t\t\t\t\t\t<span class=\"elementor-button-text\">Der Adolph-Bermpohl-Orkan bei Kindle<\/span>\n\t\t\t\t\t<\/span>\n\t\t\t\t\t<\/a>\n\t\t\t\t\t\t\t\t<\/div>\n\t\t\t\t\t<\/div>\n\t\t\t\t<\/div>\n\t\t\t\t<\/div>\n\t\t","protected":false},"excerpt":{"rendered":"<p>Meine B\u00fccher Die Kamera als bester Freund Foto oder Film &#8211; Eine Weltanschauung Ein Buch, das tiefe Einblicke in der Welt der Fotografie und des Filmes gibt. Eine Suche nach Antworten, schlie\u00dflich eine Welt im Umbruch und der Tsunami der k\u00fcnstlichen Intelligenz. Printversion 203 Seiten, Sachbuch A5, auch als ebook, Verf\u00fcgbar bei vielen Anbietern Die [&hellip;]<\/p>\n","protected":false},"author":3,"featured_media":0,"parent":0,"menu_order":0,"comment_status":"closed","ping_status":"closed","template":"elementor_header_footer","meta":{"footnotes":""},"class_list":["post-13209","page","type-page","status-publish","hentry"],"_links":{"self":[{"href":"https:\/\/wernerwilmes.eu\/fotoblog\/wp-json\/wp\/v2\/pages\/13209","targetHints":{"allow":["GET"]}}],"collection":[{"href":"https:\/\/wernerwilmes.eu\/fotoblog\/wp-json\/wp\/v2\/pages"}],"about":[{"href":"https:\/\/wernerwilmes.eu\/fotoblog\/wp-json\/wp\/v2\/types\/page"}],"author":[{"embeddable":true,"href":"https:\/\/wernerwilmes.eu\/fotoblog\/wp-json\/wp\/v2\/users\/3"}],"replies":[{"embeddable":true,"href":"https:\/\/wernerwilmes.eu\/fotoblog\/wp-json\/wp\/v2\/comments?post=13209"}],"version-history":[{"count":7,"href":"https:\/\/wernerwilmes.eu\/fotoblog\/wp-json\/wp\/v2\/pages\/13209\/revisions"}],"predecessor-version":[{"id":13218,"href":"https:\/\/wernerwilmes.eu\/fotoblog\/wp-json\/wp\/v2\/pages\/13209\/revisions\/13218"}],"wp:attachment":[{"href":"https:\/\/wernerwilmes.eu\/fotoblog\/wp-json\/wp\/v2\/media?parent=13209"}],"curies":[{"name":"wp","href":"https:\/\/api.w.org\/{rel}","templated":true}]}}