{"id":1316,"date":"2024-12-22T14:14:19","date_gmt":"2024-12-22T13:14:19","guid":{"rendered":"https:\/\/wernerwilmes.eu\/fotoblog\/?page_id=1316"},"modified":"2026-03-06T07:09:32","modified_gmt":"2026-03-06T06:09:32","slug":"audio-mein-antrieb","status":"publish","type":"page","link":"https:\/\/wernerwilmes.eu\/fotoblog\/audio-mein-antrieb\/","title":{"rendered":"Audio &#8211; Mein Antrieb"},"content":{"rendered":"\t\t<div data-elementor-type=\"wp-page\" data-elementor-id=\"1316\" class=\"elementor elementor-1316\" data-elementor-post-type=\"page\">\n\t\t\t\t<div class=\"elementor-element elementor-element-28ba466 e-flex e-con-boxed e-con e-parent\" data-id=\"28ba466\" data-element_type=\"container\" data-e-type=\"container\">\n\t\t\t\t\t<div class=\"e-con-inner\">\n\t\t\t\t<div class=\"elementor-element elementor-element-ff88356 elementor-widget elementor-widget-heading\" data-id=\"ff88356\" data-element_type=\"widget\" data-e-type=\"widget\" data-widget_type=\"heading.default\">\n\t\t\t\t\t<h2 class=\"elementor-heading-title elementor-size-default\">Music \/ Audio - Mein Antrieb<\/h2>\t\t\t\t<\/div>\n\t\t\t\t\t<\/div>\n\t\t\t\t<\/div>\n\t\t<div class=\"elementor-element elementor-element-04edfd0 e-flex e-con-boxed e-con e-parent\" data-id=\"04edfd0\" data-element_type=\"container\" data-e-type=\"container\">\n\t\t\t\t\t<div class=\"e-con-inner\">\n\t\t\t\t<div class=\"elementor-element elementor-element-39f3a93 elementor-widget elementor-widget-image\" data-id=\"39f3a93\" data-element_type=\"widget\" data-e-type=\"widget\" data-widget_type=\"image.default\">\n\t\t\t\t\t\t\t\t\t\t\t\t\t\t\t<img decoding=\"async\" src=\"https:\/\/wernerwilmes.eu\/fotoblog\/wp-content\/uploads\/elementor\/thumbs\/WW-YT-Audio-Header-Port-Gross-Kopie-scaled-riyk9ck4scrt2pgrqkn13108vp6yg8suldqietxilw.jpg\" title=\"WW-YT-Audio-Header-Port-Gross Kopie\" alt=\"Audio Mein Antrieb Titel\" loading=\"lazy\" \/>\t\t\t\t\t\t\t\t\t\t\t\t\t\t\t<\/div>\n\t\t\t\t\t<\/div>\n\t\t\t\t<\/div>\n\t\t<div class=\"elementor-element elementor-element-2ca22b1 e-flex e-con-boxed e-con e-parent\" data-id=\"2ca22b1\" data-element_type=\"container\" data-e-type=\"container\">\n\t\t\t\t\t<div class=\"e-con-inner\">\n\t\t\t\t<div class=\"elementor-element elementor-element-604d35e elementor-widget elementor-widget-text-editor\" data-id=\"604d35e\" data-element_type=\"widget\" data-e-type=\"widget\" data-widget_type=\"text-editor.default\">\n\t\t\t\t\t\t\t\t\t<p><strong>Erstens kommt es anders und zweitens als man denkt<\/strong><\/p><p>Mit Musik hatte ich in meinem Leben bereits zu tun. Mein Vater war Musiker und wir hatten ein Klavier und ein Akkordeon. Musik war nicht sein Beruf, aber er hat immerhin Symphonien komponiert und gro\u00dfe Kur-Orchester geleitet. Nur eines gelang ihm nicht: Mich zur Musik zu bringen.<\/p><p>Der Junge h\u00f6rte Bee Gees, Beatles, Rolling Stones und Deep Purple. F\u00fcr seine Art von Musik war ich offenbar hoffnungslos verloren, obwohl ich Klassik liebe und mich daf\u00fcr begeistern kann.<\/p><p>Als Videograf produzierte ich schon in jungen Jahren Musikvideos. Deshalb hatte ich auch gleich guten Kontakt zu einem Tonstudio. Ich wusste also, wie Musik produziert wird, schlie\u00dflich hat der produzierende Rockmusiker schon in der 1980er Jahren Baggerger\u00e4usche gesampelt, der erste Vorgeschmack auf AI.<\/p><p>Ich versuchte mich mit dem Texten von Songs, hatte allerdings damit damals keinen Erfolg. Dabei sagt man mir nach, sehr gut schreiben zu k\u00f6nnen. Immerhin habe ich in meinem Leben st\u00e4ndig ein Keyboard besessen, aber mehr geklimpert, statt gespielt.<\/p><p>F\u00fcr meine Mitmenschen gab es stets ein Verst\u00e4ndnisproblem bez\u00fcglich meines Musikgeschmacks. Sie sch\u00fcttelten den Kopf, alle. Dabei st\u00f6rte sie kein bestimmtes Genre, nein, es war die Bandbreite meiner Musikauswahl. Die meisten Menschen sind in musikalischer Richtung festgelegt, es gibt viele Puristen. Nicht wenige Leute sind oft geneigt, ein Genre zu verteufeln. Wer mal einen Hardrocker nach Roxette gefragt hat, wird die Reaktion kennen.<\/p><p>Nur, dass es bei mir viel schlimmer ist. Extrem selten d\u00fcrfte sein, dass jemand nach EDM tanzt, sich AC\/DC reinzieht und sich kurz darauf einen Strauss-Walzer genehmigt.<\/p><p>Selbst Musik zu machen, habe ich mich nie getraut. Jetzt sieht die Welt allerdings ganz anders aus. Ich schreibe tats\u00e4chlich Songtexte. Und diese Musikideen kann ich mit AI nun h\u00f6rbar machen. Und so ist es im Jahr 2024 dazu gekommen, dass ich eigene Texte mit meinen Musikideen zusammen bringen und f\u00fcr meine Videos produzieren kann.<\/p><p>Anfangs war die Qualit\u00e4t der AI-Musik noch etwas d\u00fcrftig. Aber da sich heute alles rasend schnell \u00e4ndert, klingt nun der generierte Sound extrem gut.<\/p><p>Ein weiterer Vorteil f\u00fcr mich war der st\u00e4ndige Umgang mit Ton in meiner Video-Postproduction. Und etwas Vorerfahrung mit DAW, also professionellen Studioprogrammen hatte ich bereits. Eine ganz hervorragende RIP-Software erm\u00f6glicht mir, Songs in Stems zu separieren. Deshalb kann ich im Mix noch weiteren Klangreichtum erreichen.<\/p><p>Inzwischen ist es f\u00fcr mich Realit\u00e4t, dass meine Videos mit eigener Musik unterlegt sind. Und bei den Streaming-Diensten habe ich schon so einige Songs hochgeladen.<\/p><p>Noch ein Wort zum Thema AI. Wie im Bereich Video und Fotografie ist die AI auch in der Musik ein Werkzeug f\u00fcr Kreative und nicht mehr wegzudenken. Schon seit langer Zeit besteht der ganz \u00fcberwiegende Teil der Pop- und Mainstream-Musik aus Remix und elektronisch generierten Sounds. Die Software in Tonstudios ist voll mit fertig generierten AddOns. Und ich sehe, dass Tonstudios AI bereits aktiv einbinden.<\/p><p>Musikschaffende orientieren sich beim Komponieren an dem, was sie kennen und geh\u00f6rt haben. Das macht AI auch. Wer Neues schafft und erfindet, wird auch in Zukunft seinen Weg gehen. Und vergessen wir nicht, dass die Musikwelt K\u00fcnstler auf der B\u00fchne ben\u00f6tigt. Allerdings, das ist heute in der gesamten Berufswelt so, wird AI manche Arbeitspl\u00e4tze \u00fcberfl\u00fcssig machen. Davon sind in der Musikwelt vor allem die betroffen, die Sounds wie am Flie\u00dfband produziert haben, z.B. f\u00fcr Musikuntermalung, Werbespots und Soundkulissen aller Art. Viele m\u00fcssen sich neu orientieren.<\/p><p>Meine Musik findest du bei YouTube unter Wilmes-Doku und Wilmes-Audio oder hier auf meiner Webseite. Nicht jede Musik ist ein eigenst\u00e4ndiger Song, denn mittlerweile untermale ich meine Videos komplett mit selbst generiertem Sound.<\/p><p>Viele Stilrichtungen sind dabei, wie z.B. Pop, Rock-Balladen, Balladen, Folk, Electronic Dance, EDM, Schlager, Klassik. Die Sprachen sind deutsch, englisch, d\u00e4nisch und spanisch.<\/p>\t\t\t\t\t\t\t\t<\/div>\n\t\t\t\t\t<\/div>\n\t\t\t\t<\/div>\n\t\t<div class=\"elementor-element elementor-element-daf9621 e-flex e-con-boxed e-con e-parent\" data-id=\"daf9621\" data-element_type=\"container\" data-e-type=\"container\">\n\t\t\t\t\t<div class=\"e-con-inner\">\n\t\t\t\t<div class=\"elementor-element elementor-element-5d0220a elementor-widget elementor-widget-text-editor\" data-id=\"5d0220a\" data-element_type=\"widget\" data-e-type=\"widget\" data-widget_type=\"text-editor.default\">\n\t\t\t\t\t\t\t\t\t<p><strong>Musikvideos h\u00f6ren und sehen mit Lyrics<\/strong><\/p>\t\t\t\t\t\t\t\t<\/div>\n\t\t\t\t\t<\/div>\n\t\t\t\t<\/div>\n\t\t<div class=\"elementor-element elementor-element-3095efc e-flex e-con-boxed e-con e-parent\" data-id=\"3095efc\" data-element_type=\"container\" data-e-type=\"container\">\n\t\t\t\t\t<div class=\"e-con-inner\">\n\t\t\t\t<div class=\"elementor-element elementor-element-5fdc8b9 elementor-widget elementor-widget-button\" data-id=\"5fdc8b9\" data-element_type=\"widget\" data-e-type=\"widget\" data-widget_type=\"button.default\">\n\t\t\t\t\t\t\t\t\t\t<a class=\"elementor-button elementor-button-link elementor-size-sm\" href=\"\/fotoblog\/musik-videos\/\">\n\t\t\t\t\t\t<span class=\"elementor-button-content-wrapper\">\n\t\t\t\t\t\t\t\t\t<span class=\"elementor-button-text\">Pop und Balladen<\/span>\n\t\t\t\t\t<\/span>\n\t\t\t\t\t<\/a>\n\t\t\t\t\t\t\t\t<\/div>\n\t\t\t\t<div class=\"elementor-element elementor-element-bd62d66 elementor-widget elementor-widget-button\" data-id=\"bd62d66\" data-element_type=\"widget\" data-e-type=\"widget\" data-widget_type=\"button.default\">\n\t\t\t\t\t\t\t\t\t\t<a class=\"elementor-button elementor-button-link elementor-size-sm\" href=\"\/fotoblog\/musik-videos-rock\/\">\n\t\t\t\t\t\t<span class=\"elementor-button-content-wrapper\">\n\t\t\t\t\t\t\t\t\t<span class=\"elementor-button-text\">Rock<\/span>\n\t\t\t\t\t<\/span>\n\t\t\t\t\t<\/a>\n\t\t\t\t\t\t\t\t<\/div>\n\t\t\t\t<div class=\"elementor-element elementor-element-eee7088 elementor-widget elementor-widget-button\" data-id=\"eee7088\" data-element_type=\"widget\" data-e-type=\"widget\" data-widget_type=\"button.default\">\n\t\t\t\t\t\t\t\t\t\t<a class=\"elementor-button elementor-button-link elementor-size-sm\" href=\"\/fotoblog\/musik-videos-schlager\/\">\n\t\t\t\t\t\t<span class=\"elementor-button-content-wrapper\">\n\t\t\t\t\t\t\t\t\t<span class=\"elementor-button-text\">Schlager<\/span>\n\t\t\t\t\t<\/span>\n\t\t\t\t\t<\/a>\n\t\t\t\t\t\t\t\t<\/div>\n\t\t\t\t<div class=\"elementor-element elementor-element-08b2816 elementor-widget elementor-widget-button\" data-id=\"08b2816\" data-element_type=\"widget\" data-e-type=\"widget\" data-widget_type=\"button.default\">\n\t\t\t\t\t\t\t\t\t\t<a class=\"elementor-button elementor-button-link elementor-size-sm\" href=\"\/musik-videos-sonstige-musik\/\">\n\t\t\t\t\t\t<span class=\"elementor-button-content-wrapper\">\n\t\t\t\t\t\t\t\t\t<span class=\"elementor-button-text\">Sonstige Musik<\/span>\n\t\t\t\t\t<\/span>\n\t\t\t\t\t<\/a>\n\t\t\t\t\t\t\t\t<\/div>\n\t\t\t\t\t<\/div>\n\t\t\t\t<\/div>\n\t\t<div class=\"elementor-element elementor-element-d39b641 e-flex e-con-boxed e-con e-parent\" data-id=\"d39b641\" data-element_type=\"container\" data-e-type=\"container\">\n\t\t\t\t\t<div class=\"e-con-inner\">\n\t\t\t\t<div class=\"elementor-element elementor-element-d9c5757 elementor-align-center elementor-widget elementor-widget-button\" data-id=\"d9c5757\" data-element_type=\"widget\" data-e-type=\"widget\" data-widget_type=\"button.default\">\n\t\t\t\t\t\t\t\t\t\t<a class=\"elementor-button elementor-button-link elementor-size-sm\" href=\"https:\/\/youtube.com\/@Wilmes-Audio\" target=\"_blank\" rel=\"noopener\">\n\t\t\t\t\t\t<span class=\"elementor-button-content-wrapper\">\n\t\t\t\t\t\t\t\t\t<span class=\"elementor-button-text\">Traumhaft sch\u00f6ne Musik-Videos auf meinem Kanal<\/span>\n\t\t\t\t\t<\/span>\n\t\t\t\t\t<\/a>\n\t\t\t\t\t\t\t\t<\/div>\n\t\t\t\t\t<\/div>\n\t\t\t\t<\/div>\n\t\t<div class=\"elementor-element elementor-element-5731d79 e-flex e-con-boxed e-con e-parent\" data-id=\"5731d79\" data-element_type=\"container\" data-e-type=\"container\">\n\t\t\t\t\t<div class=\"e-con-inner\">\n\t\t\t\t<div class=\"elementor-element elementor-element-39e2b86 elementor-widget elementor-widget-video\" data-id=\"39e2b86\" data-element_type=\"widget\" data-e-type=\"widget\" data-settings=\"{&quot;youtube_url&quot;:&quot;https:\\\/\\\/youtu.be\\\/iRuUcgbbQwg&quot;,&quot;video_type&quot;:&quot;youtube&quot;,&quot;controls&quot;:&quot;yes&quot;}\" data-widget_type=\"video.default\">\n\t\t\t\t\t\t\t<div class=\"elementor-wrapper elementor-open-inline\">\n\t\t\t<div class=\"elementor-video\"><\/div>\t\t<\/div>\n\t\t\t\t\t\t<\/div>\n\t\t\t\t\t<\/div>\n\t\t\t\t<\/div>\n\t\t<div class=\"elementor-element elementor-element-5dcab7d e-flex e-con-boxed e-con e-parent\" data-id=\"5dcab7d\" data-element_type=\"container\" data-e-type=\"container\">\n\t\t\t\t\t<div class=\"e-con-inner\">\n\t\t\t\t\t<\/div>\n\t\t\t\t<\/div>\n\t\t<div class=\"elementor-element elementor-element-4511cc7 e-flex e-con-boxed e-con e-parent\" data-id=\"4511cc7\" data-element_type=\"container\" data-e-type=\"container\">\n\t\t\t\t\t<div class=\"e-con-inner\">\n\t\t\t\t<div class=\"elementor-element elementor-element-04550a1 elementor-align-center elementor-widget elementor-widget-button\" data-id=\"04550a1\" data-element_type=\"widget\" data-e-type=\"widget\" data-widget_type=\"button.default\">\n\t\t\t\t\t\t\t\t\t\t<a class=\"elementor-button elementor-button-link elementor-size-sm\" href=\"https:\/\/www.facebook.com\/werner.wilmes.5055\" target=\"_blank\" rel=\"noopener\">\n\t\t\t\t\t\t<span class=\"elementor-button-content-wrapper\">\n\t\t\t\t\t\t<span class=\"elementor-button-icon\">\n\t\t\t\t<svg aria-hidden=\"true\" class=\"e-font-icon-svg e-fab-facebook\" viewBox=\"0 0 512 512\" xmlns=\"http:\/\/www.w3.org\/2000\/svg\"><path d=\"M504 256C504 119 393 8 256 8S8 119 8 256c0 123.78 90.69 226.38 209.25 245V327.69h-63V256h63v-54.64c0-62.15 37-96.48 93.67-96.48 27.14 0 55.52 4.84 55.52 4.84v61h-31.28c-30.8 0-40.41 19.12-40.41 38.73V256h68.78l-11 71.69h-57.78V501C413.31 482.38 504 379.78 504 256z\"><\/path><\/svg>\t\t\t<\/span>\n\t\t\t\t\t\t\t\t\t<span class=\"elementor-button-text\">Besuche mein facebook<\/span>\n\t\t\t\t\t<\/span>\n\t\t\t\t\t<\/a>\n\t\t\t\t\t\t\t\t<\/div>\n\t\t\t\t\t<\/div>\n\t\t\t\t<\/div>\n\t\t\t\t<\/div>\n\t\t","protected":false},"excerpt":{"rendered":"<p>Music \/ Audio &#8211; Mein Antrieb Erstens kommt es anders und zweitens als man denkt Mit Musik hatte ich in meinem Leben bereits zu tun. Mein Vater war Musiker und wir hatten ein Klavier und ein Akkordeon. Musik war nicht sein Beruf, aber er hat immerhin Symphonien komponiert und gro\u00dfe Kur-Orchester geleitet. Nur eines gelang [&hellip;]<\/p>\n","protected":false},"author":1,"featured_media":0,"parent":0,"menu_order":0,"comment_status":"open","ping_status":"closed","template":"elementor_header_footer","meta":{"footnotes":""},"class_list":["post-1316","page","type-page","status-publish","hentry"],"_links":{"self":[{"href":"https:\/\/wernerwilmes.eu\/fotoblog\/wp-json\/wp\/v2\/pages\/1316","targetHints":{"allow":["GET"]}}],"collection":[{"href":"https:\/\/wernerwilmes.eu\/fotoblog\/wp-json\/wp\/v2\/pages"}],"about":[{"href":"https:\/\/wernerwilmes.eu\/fotoblog\/wp-json\/wp\/v2\/types\/page"}],"author":[{"embeddable":true,"href":"https:\/\/wernerwilmes.eu\/fotoblog\/wp-json\/wp\/v2\/users\/1"}],"replies":[{"embeddable":true,"href":"https:\/\/wernerwilmes.eu\/fotoblog\/wp-json\/wp\/v2\/comments?post=1316"}],"version-history":[{"count":55,"href":"https:\/\/wernerwilmes.eu\/fotoblog\/wp-json\/wp\/v2\/pages\/1316\/revisions"}],"predecessor-version":[{"id":12244,"href":"https:\/\/wernerwilmes.eu\/fotoblog\/wp-json\/wp\/v2\/pages\/1316\/revisions\/12244"}],"wp:attachment":[{"href":"https:\/\/wernerwilmes.eu\/fotoblog\/wp-json\/wp\/v2\/media?parent=1316"}],"curies":[{"name":"wp","href":"https:\/\/api.w.org\/{rel}","templated":true}]}}