{"id":1259,"date":"2024-12-22T08:57:16","date_gmt":"2024-12-22T07:57:16","guid":{"rendered":"https:\/\/wernerwilmes.eu\/fotoblog\/?page_id=1259"},"modified":"2026-03-15T11:26:08","modified_gmt":"2026-03-15T10:26:08","slug":"meine-videos","status":"publish","type":"page","link":"https:\/\/wernerwilmes.eu\/fotoblog\/meine-videos\/","title":{"rendered":"Meine Videos"},"content":{"rendered":"\t\t<div data-elementor-type=\"wp-page\" data-elementor-id=\"1259\" class=\"elementor elementor-1259\" data-elementor-post-type=\"page\">\n\t\t\t\t<div class=\"elementor-element elementor-element-3d7b70b e-flex e-con-boxed e-con e-parent\" data-id=\"3d7b70b\" data-element_type=\"container\" data-e-type=\"container\">\n\t\t\t\t\t<div class=\"e-con-inner\">\n\t\t\t\t<div class=\"elementor-element elementor-element-f4f7777 elementor-widget elementor-widget-text-editor\" data-id=\"f4f7777\" data-element_type=\"widget\" data-e-type=\"widget\" data-widget_type=\"text-editor.default\">\n\t\t\t\t\t\t\t\t\t<p>Die beste M\u00f6glichkeit, meine Videos anzuschauen, gibt es bei YouTube. Unter <strong>&#8222;Wilmes-Doku&#8220;<\/strong> findest du alle Dokumentarfilme und Dokumentationen, aber auch Videos, die wie Musikvideos erscheinen, weil ihnen ein oder mehrere Songs zugrunde liegen, im Grunde aber kleine Dokus sind. Unter <strong>&#8222;Wilmes-Audio&#8220;<\/strong> sind Musikvideos. Einige sind richtige Videos mit viele Sequenzen, manche sich aber auch nur mit etwas Grafik hinterlegt. Die Links findest du oben im Men\u00fc rechts oder durch die gr\u00fcnen Buttons (Wechsel zu den Webseiten von YouTube).<\/p>\t\t\t\t\t\t\t\t<\/div>\n\t\t\t\t\t<\/div>\n\t\t\t\t<\/div>\n\t\t<div class=\"elementor-element elementor-element-aab2b44 e-grid e-con-boxed e-con e-parent\" data-id=\"aab2b44\" data-element_type=\"container\" data-e-type=\"container\">\n\t\t\t\t\t<div class=\"e-con-inner\">\n\t\t\t\t<div class=\"elementor-element elementor-element-674be18 elementor-align-center elementor-widget elementor-widget-button\" data-id=\"674be18\" data-element_type=\"widget\" data-e-type=\"widget\" data-widget_type=\"button.default\">\n\t\t\t\t\t\t\t\t\t\t<a class=\"elementor-button elementor-button-link elementor-size-sm\" href=\"https:\/\/youtube.com\/@wilmesdoku\" target=\"_blank\" rel=\"noopener\">\n\t\t\t\t\t\t<span class=\"elementor-button-content-wrapper\">\n\t\t\t\t\t\t\t\t\t<span class=\"elementor-button-text\">Wilmes-Doku<\/span>\n\t\t\t\t\t<\/span>\n\t\t\t\t\t<\/a>\n\t\t\t\t\t\t\t\t<\/div>\n\t\t\t\t<div class=\"elementor-element elementor-element-fd32b88 elementor-align-center elementor-widget elementor-widget-button\" data-id=\"fd32b88\" data-element_type=\"widget\" data-e-type=\"widget\" data-widget_type=\"button.default\">\n\t\t\t\t\t\t\t\t\t\t<a class=\"elementor-button elementor-button-link elementor-size-sm\" href=\"https:\/\/youtube.com\/@Wilmes-Audio\" target=\"_blank\" rel=\"noopener\">\n\t\t\t\t\t\t<span class=\"elementor-button-content-wrapper\">\n\t\t\t\t\t\t\t\t\t<span class=\"elementor-button-text\">Wilmes-Audio<\/span>\n\t\t\t\t\t<\/span>\n\t\t\t\t\t<\/a>\n\t\t\t\t\t\t\t\t<\/div>\n\t\t\t\t\t<\/div>\n\t\t\t\t<\/div>\n\t\t<div class=\"elementor-element elementor-element-b97ee5d e-flex e-con-boxed e-con e-parent\" data-id=\"b97ee5d\" data-element_type=\"container\" data-e-type=\"container\">\n\t\t\t\t\t<div class=\"e-con-inner\">\n\t\t\t\t<div class=\"elementor-element elementor-element-fd999d5 elementor-widget elementor-widget-text-editor\" data-id=\"fd999d5\" data-element_type=\"widget\" data-e-type=\"widget\" data-widget_type=\"text-editor.default\">\n\t\t\t\t\t\t\t\t\t<p><strong>Stockagenturen<\/strong><\/p><p>Bei den Stockagenturen Shutterstock, Adobe und Ponds gibt es Videosequenzen von mir, die dort zum Download gegen Geb\u00fchr bereit stehen. Einfach dort nach <strong>Werner Wilmes<\/strong> suchen. Die Links findest du ebenfalls oben im Men\u00fc rechts.<\/p>\t\t\t\t\t\t\t\t<\/div>\n\t\t\t\t<div class=\"elementor-element elementor-element-b9c65f8 elementor-widget elementor-widget-text-editor\" data-id=\"b9c65f8\" data-element_type=\"widget\" data-e-type=\"widget\" data-widget_type=\"text-editor.default\">\n\t\t\t\t\t\t\t\t\t<p><strong>AI \/ KI -Video<\/strong><\/p><p>Auch, wenn sich Viele noch str\u00e4uben und manche Menschen es nicht wahrhaben wollen: Die Entwicklung von KI-Video (engl. AI) ist unaufhaltsam und erfasst bereits Hollywood-Produktionen.\u00a0<\/p><p><strong>Mein Konzept<\/strong><\/p><p>Ich werde AI zur Unterst\u00fctzung, aber auch f\u00fcr eigenst\u00e4ndige Videos nutzen, aber&#8230;<\/p><p><strong>Bew\u00e4hrtes bleibt<\/strong><\/p><p>Ich bin sicher, dass es k\u00fcnftig trotzdem eine gro\u00dfe Sehnsucht und somit einen Bedarf an Authentizit\u00e4t geben wird. Darum sollen meine Dokumentationen, die reale Orte, Landschaften und Menschen zeigen, die Wirklichkeit spiegeln. Die Filmmusik ist bereits jetzt mit KI generiert. Und das wird sich in der Zukunft fort- und durchsetzen. Videobilder d\u00fcrfen die Realit\u00e4t nicht verf\u00e4lschen.<\/p><p><strong>Sonderf\u00e4lle<\/strong><\/p><p>Es gibt bei Dokumentationen Anwendungsbereiche, f\u00fcr die es kein originales Bildmaterial gibt. Es ist legitim, daf\u00fcr die KI zu nutzen. Beispiel: Adolph Bermpohl. Von dem Ungl\u00fcck gibt es keine bewegten Bilder. Ich habe dennoch eine Doku produziert, um das schicksalhafte Ungl\u00fcck den Menschen n\u00e4her zu bringen. Oder geschichtliche Dokus,\u00a0 da ersetzt die KI teure Schauspieler. Oder wie bei diesem Video <strong>&#8222;Vineta&#8220;<\/strong>. Eine versunkene Stadt in der Ostsee \u00f6stlich von R\u00fcgen. Forscher suchen nach Beweisen, aber noch ist Vineta eine Spekulation.<\/p>\t\t\t\t\t\t\t\t<\/div>\n\t\t\t\t\t<\/div>\n\t\t\t\t<\/div>\n\t\t<div class=\"elementor-element elementor-element-0747664 e-flex e-con-boxed e-con e-parent\" data-id=\"0747664\" data-element_type=\"container\" data-e-type=\"container\">\n\t\t\t\t\t<div class=\"e-con-inner\">\n\t\t\t\t<div class=\"elementor-element elementor-element-8ed4efe elementor-widget elementor-widget-video\" data-id=\"8ed4efe\" data-element_type=\"widget\" data-e-type=\"widget\" data-settings=\"{&quot;youtube_url&quot;:&quot;https:\\\/\\\/youtu.be\\\/UP9GOoin0p4&quot;,&quot;video_type&quot;:&quot;youtube&quot;,&quot;controls&quot;:&quot;yes&quot;}\" data-widget_type=\"video.default\">\n\t\t\t\t\t\t\t<div class=\"elementor-wrapper elementor-open-inline\">\n\t\t\t<div class=\"elementor-video\"><\/div>\t\t<\/div>\n\t\t\t\t\t\t<\/div>\n\t\t\t\t\t<\/div>\n\t\t\t\t<\/div>\n\t\t<div class=\"elementor-element elementor-element-6a036af e-flex e-con-boxed e-con e-parent\" data-id=\"6a036af\" data-element_type=\"container\" data-e-type=\"container\">\n\t\t\t\t\t<div class=\"e-con-inner\">\n\t\t\t\t<div class=\"elementor-element elementor-element-f501a7e elementor-align-center elementor-widget elementor-widget-button\" data-id=\"f501a7e\" data-element_type=\"widget\" data-e-type=\"widget\" data-widget_type=\"button.default\">\n\t\t\t\t\t\t\t\t\t\t<a class=\"elementor-button elementor-button-link elementor-size-sm\" href=\"https:\/\/www.facebook.com\/werner.wilmes.5055\" target=\"_blank\" rel=\"noopener\">\n\t\t\t\t\t\t<span class=\"elementor-button-content-wrapper\">\n\t\t\t\t\t\t<span class=\"elementor-button-icon\">\n\t\t\t\t<svg aria-hidden=\"true\" class=\"e-font-icon-svg e-fab-facebook\" viewBox=\"0 0 512 512\" xmlns=\"http:\/\/www.w3.org\/2000\/svg\"><path d=\"M504 256C504 119 393 8 256 8S8 119 8 256c0 123.78 90.69 226.38 209.25 245V327.69h-63V256h63v-54.64c0-62.15 37-96.48 93.67-96.48 27.14 0 55.52 4.84 55.52 4.84v61h-31.28c-30.8 0-40.41 19.12-40.41 38.73V256h68.78l-11 71.69h-57.78V501C413.31 482.38 504 379.78 504 256z\"><\/path><\/svg>\t\t\t<\/span>\n\t\t\t\t\t\t\t\t\t<span class=\"elementor-button-text\">Besuche mein facebook<\/span>\n\t\t\t\t\t<\/span>\n\t\t\t\t\t<\/a>\n\t\t\t\t\t\t\t\t<\/div>\n\t\t\t\t\t<\/div>\n\t\t\t\t<\/div>\n\t\t\t\t<\/div>\n\t\t","protected":false},"excerpt":{"rendered":"<p>Die beste M\u00f6glichkeit, meine Videos anzuschauen, gibt es bei YouTube. Unter &#8222;Wilmes-Doku&#8220; findest du alle Dokumentarfilme und Dokumentationen, aber auch Videos, die wie Musikvideos erscheinen, weil ihnen ein oder mehrere Songs zugrunde liegen, im Grunde aber kleine Dokus sind. Unter &#8222;Wilmes-Audio&#8220; sind Musikvideos. Einige sind richtige Videos mit viele Sequenzen, manche sich aber auch nur [&hellip;]<\/p>\n","protected":false},"author":1,"featured_media":0,"parent":0,"menu_order":0,"comment_status":"open","ping_status":"closed","template":"elementor_header_footer","meta":{"footnotes":""},"class_list":["post-1259","page","type-page","status-publish","hentry"],"_links":{"self":[{"href":"https:\/\/wernerwilmes.eu\/fotoblog\/wp-json\/wp\/v2\/pages\/1259","targetHints":{"allow":["GET"]}}],"collection":[{"href":"https:\/\/wernerwilmes.eu\/fotoblog\/wp-json\/wp\/v2\/pages"}],"about":[{"href":"https:\/\/wernerwilmes.eu\/fotoblog\/wp-json\/wp\/v2\/types\/page"}],"author":[{"embeddable":true,"href":"https:\/\/wernerwilmes.eu\/fotoblog\/wp-json\/wp\/v2\/users\/1"}],"replies":[{"embeddable":true,"href":"https:\/\/wernerwilmes.eu\/fotoblog\/wp-json\/wp\/v2\/comments?post=1259"}],"version-history":[{"count":40,"href":"https:\/\/wernerwilmes.eu\/fotoblog\/wp-json\/wp\/v2\/pages\/1259\/revisions"}],"predecessor-version":[{"id":12906,"href":"https:\/\/wernerwilmes.eu\/fotoblog\/wp-json\/wp\/v2\/pages\/1259\/revisions\/12906"}],"wp:attachment":[{"href":"https:\/\/wernerwilmes.eu\/fotoblog\/wp-json\/wp\/v2\/media?parent=1259"}],"curies":[{"name":"wp","href":"https:\/\/api.w.org\/{rel}","templated":true}]}}