{"id":1245,"date":"2024-12-22T07:42:58","date_gmt":"2024-12-22T06:42:58","guid":{"rendered":"https:\/\/wernerwilmes.eu\/fotoblog\/?page_id=1245"},"modified":"2026-03-25T19:54:25","modified_gmt":"2026-03-25T18:54:25","slug":"videomeinantrieb","status":"publish","type":"page","link":"https:\/\/wernerwilmes.eu\/fotoblog\/videomeinantrieb\/","title":{"rendered":"Video &#8211; Mein Antrieb"},"content":{"rendered":"\t\t<div data-elementor-type=\"wp-page\" data-elementor-id=\"1245\" class=\"elementor elementor-1245\" data-elementor-post-type=\"page\">\n\t\t\t\t<div class=\"elementor-element elementor-element-72f4683 e-flex e-con-boxed e-con e-parent\" data-id=\"72f4683\" data-element_type=\"container\" data-e-type=\"container\">\n\t\t\t\t\t<div class=\"e-con-inner\">\n\t\t\t\t<div class=\"elementor-element elementor-element-4344522 elementor-widget elementor-widget-heading\" data-id=\"4344522\" data-element_type=\"widget\" data-e-type=\"widget\" data-widget_type=\"heading.default\">\n\t\t\t\t\t<h2 class=\"elementor-heading-title elementor-size-default\">Video - Mein Antrieb<\/h2>\t\t\t\t<\/div>\n\t\t\t\t\t<\/div>\n\t\t\t\t<\/div>\n\t\t<div class=\"elementor-element elementor-element-92546bb e-flex e-con-boxed e-con e-parent\" data-id=\"92546bb\" data-element_type=\"container\" data-e-type=\"container\">\n\t\t\t\t\t<div class=\"e-con-inner\">\n\t\t\t\t<div class=\"elementor-element elementor-element-ae3f0c7 elementor-widget elementor-widget-image\" data-id=\"ae3f0c7\" data-element_type=\"widget\" data-e-type=\"widget\" data-widget_type=\"image.default\">\n\t\t\t\t\t\t\t\t\t\t\t\t\t\t\t<img fetchpriority=\"high\" decoding=\"async\" width=\"800\" height=\"450\" src=\"https:\/\/wernerwilmes.eu\/fotoblog\/wp-content\/uploads\/2024\/12\/Nordtour010623YTBanner.webp\" class=\"attachment-large size-large wp-image-1246\" alt=\"Nordtour010623YTBanner\" srcset=\"https:\/\/wernerwilmes.eu\/fotoblog\/wp-content\/uploads\/2024\/12\/Nordtour010623YTBanner.webp 800w, https:\/\/wernerwilmes.eu\/fotoblog\/wp-content\/uploads\/2024\/12\/Nordtour010623YTBanner-300x169.webp 300w, https:\/\/wernerwilmes.eu\/fotoblog\/wp-content\/uploads\/2024\/12\/Nordtour010623YTBanner-768x432.webp 768w\" sizes=\"(max-width: 800px) 100vw, 800px\" \/>\t\t\t\t\t\t\t\t\t\t\t\t\t\t\t<\/div>\n\t\t\t\t\t<\/div>\n\t\t\t\t<\/div>\n\t\t<div class=\"elementor-element elementor-element-fb71961 e-flex e-con-boxed e-con e-parent\" data-id=\"fb71961\" data-element_type=\"container\" data-e-type=\"container\">\n\t\t\t\t\t<div class=\"e-con-inner\">\n\t\t\t\t<div class=\"elementor-element elementor-element-e8b4859 elementor-widget elementor-widget-image\" data-id=\"e8b4859\" data-element_type=\"widget\" data-e-type=\"widget\" data-widget_type=\"image.default\">\n\t\t\t\t\t\t\t\t\t\t\t\t\t\t\t\t<a href=\"https:\/\/wernerwilmes.eu\/fotoblog\/fotos\/sta.webp\">\n\t\t\t\t\t\t\t<img decoding=\"async\" width=\"800\" height=\"601\" src=\"https:\/\/wernerwilmes.eu\/fotoblog\/wp-content\/uploads\/2026\/03\/sta-2650x1992.webp\" class=\"attachment-large size-large wp-image-12921\" alt=\"Stadtanzeiger Zeitungsartikel Portrait Werner Wilmes\" srcset=\"https:\/\/wernerwilmes.eu\/fotoblog\/wp-content\/uploads\/2026\/03\/sta-2650x1992.webp 2650w, https:\/\/wernerwilmes.eu\/fotoblog\/wp-content\/uploads\/2026\/03\/sta-300x225.webp 300w, https:\/\/wernerwilmes.eu\/fotoblog\/wp-content\/uploads\/2026\/03\/sta-768x577.webp 768w, https:\/\/wernerwilmes.eu\/fotoblog\/wp-content\/uploads\/2026\/03\/sta-1536x1154.webp 1536w, https:\/\/wernerwilmes.eu\/fotoblog\/wp-content\/uploads\/2026\/03\/sta-2048x1539.webp 2048w\" sizes=\"(max-width: 800px) 100vw, 800px\" \/>\t\t\t\t\t\t\t\t<\/a>\n\t\t\t\t\t\t\t\t\t\t\t\t\t\t\t<\/div>\n\t\t\t\t<div class=\"elementor-element elementor-element-f05f702 elementor-widget elementor-widget-text-editor\" data-id=\"f05f702\" data-element_type=\"widget\" data-e-type=\"widget\" data-widget_type=\"text-editor.default\">\n\t\t\t\t\t\t\t\t\t<p><em>Arnold P\u00f6hler hat mich f\u00fcr den Stadtanzeiger Horn-Bad Meinberg portraitiert in seiner Reihe &#8222;Arnold trifft&#8220;<\/em><\/p>\t\t\t\t\t\t\t\t<\/div>\n\t\t\t\t<div class=\"elementor-element elementor-element-5f2a5c2 elementor-widget elementor-widget-text-editor\" data-id=\"5f2a5c2\" data-element_type=\"widget\" data-e-type=\"widget\" data-widget_type=\"text-editor.default\">\n\t\t\t\t\t\t\t\t\t<p><strong>Mein Kick<\/strong><\/p><p>Als ich als kleiner Junge Film- und Fernsehbeitr\u00e4ge sah, hat es mich gepackt. Es muss ein wunderbares Gef\u00fchl sein, das alles zu k\u00f6nnen, all das, was einen Film oder eine Dokumentation ausmacht. Von A bis Z. Ich sah den Nachspann mit den vielen Namen und Gewerken und wollte so viel wie m\u00f6glich davon selbst k\u00f6nnen.<\/p><p>Viele Jahre sp\u00e4ter, ich war schon erwachsen, hatte ich meine erste Videokamera in der Hand. Von dem Augenblick an hat es mich nicht mehr losgelassen. Bilder und T\u00f6ne einfangen und etwas daraus machen.<\/p><p>Es gab kein Internet wie heute und somit auch keine Tutorials. Ich brachte mir alles selbst bei, durch beobachten und probieren. Die Ergebnisse wurden immer besser. Die Post ging aber erst so richtig ab, als ich einen Weg entdeckte, meine F\u00e4higkeiten im Rahmen meines eigentlich kaufm\u00e4nnischen Berufes einzusetzen. Das war Anfang der 1980er Jahre.<\/p><p>Als F\u00fchrungskraft im Versicherungs-Au\u00dfendienst erkannte ich, dass sich die Mitarbeiter viel besser von Zielen begeistern lie\u00dfen, wenn man sie ihnen richtig schmackhaft macht. Nein, nicht nur mit Geld, sondern mit bewegten Bildern. Meine Vorgesetzten waren begeistert. Die k\u00f6derten routiniert die Verk\u00e4ufer und Agenten mit Reisezielen, das haben sie schon immer so gemacht. Und nun gab es einen Mitarbeiter, der war ich, der diese Reiseziele pr\u00e4sentierte und zudem auch noch die anschlie\u00dfende Reise dokumentierte. Das Ergebnis waren Videocassetten f\u00fcr alle und Vorf\u00fchrungen.<\/p><p>Das ging dann \u00fcber f\u00fcnfzehn Jahre so. Ich lernte an mir selbst und lieferte perfekte Ergebnisse. Man muss sich mal vorstellen, was in meinem Kopf vorging, als ich Anfang der 90er im gro\u00dfen Sendesaal des ICC Berlin eine Reisedokumentation vorf\u00fchrte. Dreihundert Zuschauer hinter mir auf den R\u00e4ngen und das Video via Beamer auf einer Kinoleinwand. Dann der Applaus. Da kriege ich heute noch G\u00e4nsehaut. Vieler solcher Events hat es gegeben.<\/p><p>Heute ist mein Publikum weit verstreut im Netz und nur wenige davon kenne ich pers\u00f6nlich. Der Applaus besteht heute aus einem winzigen Daumen, oder mehreren.<\/p><p>Ja, was ist denn nun der Kick?<\/p><p>Ich sage es so, wie es ist. Es ist das \u201eMachen\u201c. Von A bis Z ein Projekt durchzuziehen und dann sein eigenes Werk anzusehen. Wenn es dann \u00f6ffentlich ist, und ein paar Daumen und Kommentare kommen, umso besser. Aber der Kick f\u00fcr mich ist das machen.<\/p><p>Es f\u00e4ngt stets mit einer Idee an. Die nimmt im Kopf und in der Planung seinen Lauf. Man muss ein Konzept haben, mit Leuten reden, Termine und Orte finden. Dann muss man drehen, also Bild und Ton einfangen. Oft ergeben sich riesige Datenmengen, manchmal weit mehr als 1000 Videoschnipsel, die geordnet, sortiert und vorbearbeitet werden m\u00fcssen. Die Postproduction ist extrem komplex mit einem ganzen Strau\u00df an hochwertiger Software. Bild und Ton kombinieren und harmonisch in Szene zu setzen. Musik suchen und finden, neuerdings sogar selbst erstellen mittels AI und eigenem Texter-Talent.<\/p><p>Und am Ende sitzt man vor dem gro\u00dfen TV-Screen und sagt sich: \u201eWow!\u201c<\/p><p>Das alles zusammen ist mein \u201eKick\u201c.<\/p>\t\t\t\t\t\t\t\t<\/div>\n\t\t<div class=\"elementor-element elementor-element-e47bc3d e-con-full e-flex e-con e-child\" data-id=\"e47bc3d\" data-element_type=\"container\" data-e-type=\"container\">\n\t\t\t\t<div class=\"elementor-element elementor-element-292ce25 elementor-widget elementor-widget-image\" data-id=\"292ce25\" data-element_type=\"widget\" data-e-type=\"widget\" data-widget_type=\"image.default\">\n\t\t\t\t\t\t\t\t\t\t\t\t<figure class=\"wp-caption\">\n\t\t\t\t\t\t\t\t\t\t<img decoding=\"async\" width=\"800\" height=\"537\" src=\"https:\/\/wernerwilmes.eu\/fotoblog\/wp-content\/uploads\/2026\/02\/PS1_0155-Schnittplatz-2650x1778.jpg\" class=\"attachment-large size-large wp-image-10906\" alt=\"Schnittplatz im Studio\" srcset=\"https:\/\/wernerwilmes.eu\/fotoblog\/wp-content\/uploads\/2026\/02\/PS1_0155-Schnittplatz-2650x1778.jpg 2650w, https:\/\/wernerwilmes.eu\/fotoblog\/wp-content\/uploads\/2026\/02\/PS1_0155-Schnittplatz-300x201.jpg 300w, https:\/\/wernerwilmes.eu\/fotoblog\/wp-content\/uploads\/2026\/02\/PS1_0155-Schnittplatz-768x515.jpg 768w, https:\/\/wernerwilmes.eu\/fotoblog\/wp-content\/uploads\/2026\/02\/PS1_0155-Schnittplatz-1536x1030.jpg 1536w, https:\/\/wernerwilmes.eu\/fotoblog\/wp-content\/uploads\/2026\/02\/PS1_0155-Schnittplatz-2048x1374.jpg 2048w\" sizes=\"(max-width: 800px) 100vw, 800px\" \/>\t\t\t\t\t\t\t\t\t\t\t<figcaption class=\"widget-image-caption wp-caption-text\">Mein kleines Reich. Man braucht nicht viel Platz f\u00fcr einen guten Schnittplatz im Studio. Alles wird hier bearbeitet, Video und Audio.<\/figcaption>\n\t\t\t\t\t\t\t\t\t\t<\/figure>\n\t\t\t\t\t\t\t\t\t<\/div>\n\t\t\t\t<div class=\"elementor-element elementor-element-deff0e5 elementor-widget elementor-widget-heading\" data-id=\"deff0e5\" data-element_type=\"widget\" data-e-type=\"widget\" data-widget_type=\"heading.default\">\n\t\t\t\t\t<h2 class=\"elementor-heading-title elementor-size-default\">1965<\/h2>\t\t\t\t<\/div>\n\t\t\t\t<div class=\"elementor-element elementor-element-3b279ff elementor-widget elementor-widget-text-editor\" data-id=\"3b279ff\" data-element_type=\"widget\" data-e-type=\"widget\" data-widget_type=\"text-editor.default\">\n\t\t\t\t\t\t\t\t\t<p>Die Grundlagen meiner Leidenschaft habe ich von meinem Vater. Er hatte ein Faible f\u00fcr Fotografie und Film. Doch die M\u00f6glichkeiten waren Mitte der 1960er begrenzt, weil das Budget daf\u00fcr neben dem Familienleben nur f\u00fcr ein Hobby reichte. F\u00fcr mich war das aber eine Inspiration. Die Canon 8-2-Reflex 8mm war eine Normal-8-Kamera. Man kann es sich heute kaum noch vorstellen, dass die Filmrolle im Dunklen ausgepackt werden musste, um sie in das Kamerageh\u00e4use einzusetzen. Das Federlaufwerk musste man mit der Hand aufziehen. War dann die Rolle auf einer H\u00e4lfte des Films belichtet, musste man wieder in die Dunkelheit, um die Rolle seitenverdreht wieder einzusetzen. Nun konnte man die andere Filmseite belichten. Die Filmergebnisse w\u00fcrden viele Digitalfilmer heute als gruselig bezeichnen. Aber mich hat das fasziniert. So konnte ich per Einzelbildaufnahme kleine Trickfilme herstellen.<\/p>\t\t\t\t\t\t\t\t<\/div>\n\t\t\t\t<div class=\"elementor-element elementor-element-e127529 elementor-widget elementor-widget-image\" data-id=\"e127529\" data-element_type=\"widget\" data-e-type=\"widget\" data-widget_type=\"image.default\">\n\t\t\t\t\t\t\t\t\t\t\t\t\t\t\t<img loading=\"lazy\" decoding=\"async\" width=\"800\" height=\"685\" src=\"https:\/\/wernerwilmes.eu\/fotoblog\/wp-content\/uploads\/2025\/10\/CanonCamPapa-2650-scaled.jpg\" class=\"attachment-large size-large wp-image-10491\" alt=\"Vater Wilmes Canon 8-2-Reflex 8mm\" srcset=\"https:\/\/wernerwilmes.eu\/fotoblog\/wp-content\/uploads\/2025\/10\/CanonCamPapa-2650-scaled.jpg 2560w, https:\/\/wernerwilmes.eu\/fotoblog\/wp-content\/uploads\/2025\/10\/CanonCamPapa-2650-300x257.jpg 300w, https:\/\/wernerwilmes.eu\/fotoblog\/wp-content\/uploads\/2025\/10\/CanonCamPapa-2650-768x658.jpg 768w, https:\/\/wernerwilmes.eu\/fotoblog\/wp-content\/uploads\/2025\/10\/CanonCamPapa-2650-1536x1316.jpg 1536w, https:\/\/wernerwilmes.eu\/fotoblog\/wp-content\/uploads\/2025\/10\/CanonCamPapa-2650-2048x1754.jpg 2048w\" sizes=\"(max-width: 800px) 100vw, 800px\" \/>\t\t\t\t\t\t\t\t\t\t\t\t\t\t\t<\/div>\n\t\t\t\t<\/div>\n\t\t\t\t\t<\/div>\n\t\t\t\t<\/div>\n\t\t<div class=\"elementor-element elementor-element-41fa367 e-flex e-con-boxed e-con e-parent\" data-id=\"41fa367\" data-element_type=\"container\" data-e-type=\"container\">\n\t\t\t\t\t<div class=\"e-con-inner\">\n\t\t\t\t<div class=\"elementor-element elementor-element-84f5d55 elementor-widget elementor-widget-text-editor\" data-id=\"84f5d55\" data-element_type=\"widget\" data-e-type=\"widget\" data-widget_type=\"text-editor.default\">\n\t\t\t\t\t\t\t\t\t<p>Einen guten Eindruck von meinem Video-Werdegang kannst Du auch in diesem kurzen Video sehen (mit Hilfe von AI entstanden)<\/p>\t\t\t\t\t\t\t\t<\/div>\n\t\t\t\t<div class=\"elementor-element elementor-element-6ba3fd2 elementor-widget elementor-widget-video\" data-id=\"6ba3fd2\" data-element_type=\"widget\" data-e-type=\"widget\" data-settings=\"{&quot;youtube_url&quot;:&quot;https:\\\/\\\/youtu.be\\\/u9zv8GOc018&quot;,&quot;video_type&quot;:&quot;youtube&quot;,&quot;controls&quot;:&quot;yes&quot;}\" data-widget_type=\"video.default\">\n\t\t\t\t\t\t\t<div class=\"elementor-wrapper elementor-open-inline\">\n\t\t\t<div class=\"elementor-video\"><\/div>\t\t<\/div>\n\t\t\t\t\t\t<\/div>\n\t\t\t\t\t<\/div>\n\t\t\t\t<\/div>\n\t\t<div class=\"elementor-element elementor-element-ada37b4 e-flex e-con-boxed e-con e-parent\" data-id=\"ada37b4\" data-element_type=\"container\" data-e-type=\"container\">\n\t\t\t\t\t<div class=\"e-con-inner\">\n\t\t\t\t<div class=\"elementor-element elementor-element-ca760ed elementor-align-center elementor-widget elementor-widget-button\" data-id=\"ca760ed\" data-element_type=\"widget\" data-e-type=\"widget\" data-widget_type=\"button.default\">\n\t\t\t\t\t\t\t\t\t\t<a class=\"elementor-button elementor-button-link elementor-size-sm\" href=\"https:\/\/youtube.com\/@wilmesdoku\" target=\"_blank\" rel=\"noopener\">\n\t\t\t\t\t\t<span class=\"elementor-button-content-wrapper\">\n\t\t\t\t\t\t\t\t\t<span class=\"elementor-button-text\">Traumhaft sch\u00f6ne Videos auf meinem Kanal<\/span>\n\t\t\t\t\t<\/span>\n\t\t\t\t\t<\/a>\n\t\t\t\t\t\t\t\t<\/div>\n\t\t\t\t\t<\/div>\n\t\t\t\t<\/div>\n\t\t<div class=\"elementor-element elementor-element-92027dc e-flex e-con-boxed e-con e-parent\" data-id=\"92027dc\" data-element_type=\"container\" data-e-type=\"container\">\n\t\t\t\t\t<div class=\"e-con-inner\">\n\t\t\t\t<div class=\"elementor-element elementor-element-a1484ed elementor-align-center elementor-widget elementor-widget-button\" data-id=\"a1484ed\" data-element_type=\"widget\" data-e-type=\"widget\" data-widget_type=\"button.default\">\n\t\t\t\t\t\t\t\t\t\t<a class=\"elementor-button elementor-button-link elementor-size-sm\" href=\"https:\/\/www.facebook.com\/werner.wilmes.5055\" target=\"_blank\" rel=\"noopener\">\n\t\t\t\t\t\t<span class=\"elementor-button-content-wrapper\">\n\t\t\t\t\t\t<span class=\"elementor-button-icon\">\n\t\t\t\t<svg aria-hidden=\"true\" class=\"e-font-icon-svg e-fab-facebook\" viewBox=\"0 0 512 512\" xmlns=\"http:\/\/www.w3.org\/2000\/svg\"><path d=\"M504 256C504 119 393 8 256 8S8 119 8 256c0 123.78 90.69 226.38 209.25 245V327.69h-63V256h63v-54.64c0-62.15 37-96.48 93.67-96.48 27.14 0 55.52 4.84 55.52 4.84v61h-31.28c-30.8 0-40.41 19.12-40.41 38.73V256h68.78l-11 71.69h-57.78V501C413.31 482.38 504 379.78 504 256z\"><\/path><\/svg>\t\t\t<\/span>\n\t\t\t\t\t\t\t\t\t<span class=\"elementor-button-text\">Besuche mein facebook<\/span>\n\t\t\t\t\t<\/span>\n\t\t\t\t\t<\/a>\n\t\t\t\t\t\t\t\t<\/div>\n\t\t\t\t\t<\/div>\n\t\t\t\t<\/div>\n\t\t<div class=\"elementor-element elementor-element-0a30771 e-flex e-con-boxed e-con e-parent\" data-id=\"0a30771\" data-element_type=\"container\" data-e-type=\"container\">\n\t\t\t\t\t<div class=\"e-con-inner\">\n\t\t\t\t\t<\/div>\n\t\t\t\t<\/div>\n\t\t\t\t<\/div>\n\t\t","protected":false},"excerpt":{"rendered":"<p>Video &#8211; Mein Antrieb Arnold P\u00f6hler hat mich f\u00fcr den Stadtanzeiger Horn-Bad Meinberg portraitiert in seiner Reihe &#8222;Arnold trifft&#8220; Mein Kick Als ich als kleiner Junge Film- und Fernsehbeitr\u00e4ge sah, hat es mich gepackt. Es muss ein wunderbares Gef\u00fchl sein, das alles zu k\u00f6nnen, all das, was einen Film oder eine Dokumentation ausmacht. Von A [&hellip;]<\/p>\n","protected":false},"author":1,"featured_media":0,"parent":0,"menu_order":0,"comment_status":"open","ping_status":"closed","template":"elementor_header_footer","meta":{"footnotes":""},"class_list":["post-1245","page","type-page","status-publish","hentry"],"_links":{"self":[{"href":"https:\/\/wernerwilmes.eu\/fotoblog\/wp-json\/wp\/v2\/pages\/1245","targetHints":{"allow":["GET"]}}],"collection":[{"href":"https:\/\/wernerwilmes.eu\/fotoblog\/wp-json\/wp\/v2\/pages"}],"about":[{"href":"https:\/\/wernerwilmes.eu\/fotoblog\/wp-json\/wp\/v2\/types\/page"}],"author":[{"embeddable":true,"href":"https:\/\/wernerwilmes.eu\/fotoblog\/wp-json\/wp\/v2\/users\/1"}],"replies":[{"embeddable":true,"href":"https:\/\/wernerwilmes.eu\/fotoblog\/wp-json\/wp\/v2\/comments?post=1245"}],"version-history":[{"count":40,"href":"https:\/\/wernerwilmes.eu\/fotoblog\/wp-json\/wp\/v2\/pages\/1245\/revisions"}],"predecessor-version":[{"id":13201,"href":"https:\/\/wernerwilmes.eu\/fotoblog\/wp-json\/wp\/v2\/pages\/1245\/revisions\/13201"}],"wp:attachment":[{"href":"https:\/\/wernerwilmes.eu\/fotoblog\/wp-json\/wp\/v2\/media?parent=1245"}],"curies":[{"name":"wp","href":"https:\/\/api.w.org\/{rel}","templated":true}]}}