{"id":1167,"date":"2024-12-21T19:12:56","date_gmt":"2024-12-21T18:12:56","guid":{"rendered":"https:\/\/wernerwilmes.eu\/fotoblog\/?page_id=1167"},"modified":"2025-01-16T13:13:24","modified_gmt":"2025-01-16T12:13:24","slug":"datenschutz","status":"publish","type":"page","link":"https:\/\/wernerwilmes.eu\/fotoblog\/datenschutz\/","title":{"rendered":"Datenschutz"},"content":{"rendered":"\t\t<div data-elementor-type=\"wp-page\" data-elementor-id=\"1167\" class=\"elementor elementor-1167\" data-elementor-post-type=\"page\">\n\t\t\t\t<div class=\"elementor-element elementor-element-7545185 e-flex e-con-boxed e-con e-parent\" data-id=\"7545185\" data-element_type=\"container\" data-e-type=\"container\">\n\t\t\t\t\t<div class=\"e-con-inner\">\n\t\t\t\t<div class=\"elementor-element elementor-element-a31aa1a elementor-widget elementor-widget-heading\" data-id=\"a31aa1a\" data-element_type=\"widget\" data-e-type=\"widget\" data-widget_type=\"heading.default\">\n\t\t\t\t\t<h2 class=\"elementor-heading-title elementor-size-default\">Datenschutzerkl\u00e4rung<\/h2>\t\t\t\t<\/div>\n\t\t\t\t\t<\/div>\n\t\t\t\t<\/div>\n\t\t<div class=\"elementor-element elementor-element-c390f44 e-flex e-con-boxed e-con e-parent\" data-id=\"c390f44\" data-element_type=\"container\" data-e-type=\"container\">\n\t\t\t\t\t<div class=\"e-con-inner\">\n\t\t\t\t<div class=\"elementor-element elementor-element-154421e elementor-widget elementor-widget-text-editor\" data-id=\"154421e\" data-element_type=\"widget\" data-e-type=\"widget\" data-widget_type=\"text-editor.default\">\n\t\t\t\t\t\t\t\t\t<p><strong>Wer ich bin<\/strong><br \/>Die Adresse meiner Website ist: http:\/\/www.wernerwilmes.eu.<\/p><p><strong>Welche personenbezogenen Daten ich sammle und warum.<\/strong><br \/>Deine IP-Adresse wird m\u00f6glicherweise vom Serverprovider (siehe unten, hostinger.de) erfasst (geloggt), aber nicht in meiner Datenbank gespeichert.<\/p><p><strong>Kommentare<\/strong><br \/>Wenn Besucher Kommentare auf der Website schreiben, werden die im Kommentarformular angegebenen Daten und die IP-Adresse \u00fcbermittelt. Der Inhalt des Kommentars wird vor der Ver\u00f6ffentlichung gepr\u00fcft. Wird der Kommentar nicht akzeptiert, werden alle \u00fcbermittelten Informationen gel\u00f6scht. Wird der Kommentar freigegeben, erscheint der Kommentartext und der angegebene Name unter den Kommentaren. Die \u00fcbermittelte E-Mail-Adresse wird gespeichert, ist aber \u00f6ffentlich nicht sichtbar. Die Mailadresse dient nur der Kommentarfunktion. Sie wird weder anderweitig verwendet oder an Dritte weitergegeben.<\/p><p><strong>Medien<\/strong><br \/>Eine Registrierungsm\u00f6glichkeit f\u00fcr Besucher und Nutzer gibt es nicht. Besucher und Nutzer k\u00f6nnen keine Fotos hochladen.<\/p><p><strong>Kontaktformulare<\/strong><br \/>Es gibt kein Kontaktformular. Im Impressum steht ein E-Mail-Link f\u00fcr den Fall, dass du mit mir Kontakt aufnehmen willst.<\/p><p><strong>Cookies<\/strong><br \/>Die Cookie-Funktion ist abgeschaltet.<\/p><p><strong>Eingebettete Inhalte von anderen Websites<\/strong><\/p><p>Beitr\u00e4ge auf dieser Website k\u00f6nnen eingebettete Inhalte beinhalten (z. B. Videos, Bilder, Beitr\u00e4ge etc.). Eingebettete Inhalte von anderen Websites verhalten sich exakt so, als ob der Besucher die andere Website besucht h\u00e4tte.<\/p><p>Diese Websites k\u00f6nnen Daten \u00fcber dich sammeln, Cookies benutzen, zus\u00e4tzliche Tracking-Dienste von Dritten einbetten und deine Interaktion mit diesem eingebetteten Inhalt aufzeichnen, inklusive deiner Interaktion mit dem eingebetteten Inhalt, falls du ein Konto hast und auf dieser Website angemeldet bist.<\/p><p>Es k\u00f6nnen an einigen Stellen Fonts (Buchstaben, Schriftstile) von google-fonts vorhanden sein. Diese Schrift wird stets online von einem google-server nachgeladen (https:\/\/fonts.googleapis.com)<\/p><p>Speziell zu Youtube: Der Link enth\u00e4lt erweiteten Datenschutz. Es werden keine Cookies von Youtube gesetzt. Anders ist es, wenn Sie den Link &#8222;Auf Youtube ansehen&#8220; w\u00e4hlen. In dem Fall akzeptieren Sie die Bedingungen von Youtube.<\/p><p>Diese Websites k\u00f6nnen Daten \u00fcber dich sammeln, Cookies benutzen, zus\u00e4tzliche Tracking-Dienste von Dritten einbetten und deine Interaktion mit diesem eingebetteten Inhalt aufzeichnen, inklusive deiner Interaktion mit dem eingebetteten Inhalt, falls du ein Konto hast und auf dieser Website angemeldet bist.<br \/>Es k\u00f6nnen an einigen Stellen Fonts (Buchstaben, Schriftstile) von google-fonts vorhanden sein. Diese Schrift wird stets online von einem google-server nachgeladen (https:\/\/fonts.googleapis.com)<br \/>Speziell zu Youtube: Wenn YouTube-Videos als direkt abspielbarer Frame verlinkt sind gilt: Der Link enth\u00e4lt erweiteten Datenschutz. Es werden keine Cookies von Youtube gesetzt. Anders ist es, wenn Sie einer normalen Verlinkung zu Youtube folgen. Dann verwendet YouTube Cookies. In dem Fall akzeptieren Sie die Bedingungen von Youtube.<\/p><p><strong>Analysedienste<\/strong><br \/>Die Besucher der Webseite werden gez\u00e4hlt. Dabei werden aber keine individuellen Daten gespeichert.<\/p><p><strong>Mit wem ich deine Daten teile<\/strong><br \/>Die Webseite befindet sich auf dem Server von hostinger.de. Dar\u00fcber hinaus teile ich keine Daten mit Dritten.<\/p><p><strong>Wie lange ich deine Daten speichere<\/strong><br \/>Wenn du einen Kommentar schreibst, wird dieser mit dem angegebenen Namen zeitlich unbegrenzt gespeichert. Auf diese Art kann ich Folgekommentare automatisch erkennen und freigeben, anstelle sie in einer Moderations-Warteschlange festzuhalten.<\/p><p><strong>Welche Rechte du an deinen Daten hast<\/strong><br \/>Daten, die im Rahmen der Kommentarfunktion gespeichert sind, kannst du jederzeit l\u00f6schen lassen. Informiere mich unkompliziert per E-Mail.<\/p><p><strong>Wohin ich deine Daten sende<\/strong><br \/>Besucher-Kommentare k\u00f6nnen von einem automatisierten Dienst zur Spam-Erkennung untersucht werden.<\/p><p><strong>Deine Kontakt-Informationen<\/strong><br \/>Die Kontaktinformation inklusive eines E-Mail-Links findest du im Impressum oder hier oben auf der Seite.<\/p>\t\t\t\t\t\t\t\t<\/div>\n\t\t\t\t\t<\/div>\n\t\t\t\t<\/div>\n\t\t\t\t<\/div>\n\t\t","protected":false},"excerpt":{"rendered":"<p>Datenschutzerkl\u00e4rung Wer ich binDie Adresse meiner Website ist: http:\/\/www.wernerwilmes.eu. Welche personenbezogenen Daten ich sammle und warum.Deine IP-Adresse wird m\u00f6glicherweise vom Serverprovider (siehe unten, hostinger.de) erfasst (geloggt), aber nicht in meiner Datenbank gespeichert. KommentareWenn Besucher Kommentare auf der Website schreiben, werden die im Kommentarformular angegebenen Daten und die IP-Adresse \u00fcbermittelt. Der Inhalt des Kommentars wird vor [&hellip;]<\/p>\n","protected":false},"author":1,"featured_media":0,"parent":0,"menu_order":0,"comment_status":"closed","ping_status":"closed","template":"elementor_header_footer","meta":{"footnotes":""},"class_list":["post-1167","page","type-page","status-publish","hentry"],"_links":{"self":[{"href":"https:\/\/wernerwilmes.eu\/fotoblog\/wp-json\/wp\/v2\/pages\/1167","targetHints":{"allow":["GET"]}}],"collection":[{"href":"https:\/\/wernerwilmes.eu\/fotoblog\/wp-json\/wp\/v2\/pages"}],"about":[{"href":"https:\/\/wernerwilmes.eu\/fotoblog\/wp-json\/wp\/v2\/types\/page"}],"author":[{"embeddable":true,"href":"https:\/\/wernerwilmes.eu\/fotoblog\/wp-json\/wp\/v2\/users\/1"}],"replies":[{"embeddable":true,"href":"https:\/\/wernerwilmes.eu\/fotoblog\/wp-json\/wp\/v2\/comments?post=1167"}],"version-history":[{"count":25,"href":"https:\/\/wernerwilmes.eu\/fotoblog\/wp-json\/wp\/v2\/pages\/1167\/revisions"}],"predecessor-version":[{"id":7796,"href":"https:\/\/wernerwilmes.eu\/fotoblog\/wp-json\/wp\/v2\/pages\/1167\/revisions\/7796"}],"wp:attachment":[{"href":"https:\/\/wernerwilmes.eu\/fotoblog\/wp-json\/wp\/v2\/media?parent=1167"}],"curies":[{"name":"wp","href":"https:\/\/api.w.org\/{rel}","templated":true}]}}