{"id":10773,"date":"2026-01-26T09:31:42","date_gmt":"2026-01-26T08:31:42","guid":{"rendered":"https:\/\/wernerwilmes.eu\/fotoblog\/?page_id=10773"},"modified":"2026-03-06T07:20:17","modified_gmt":"2026-03-06T06:20:17","slug":"foto-themen","status":"publish","type":"page","link":"https:\/\/wernerwilmes.eu\/fotoblog\/foto-themen\/","title":{"rendered":"Foto-Themen"},"content":{"rendered":"\t\t<div data-elementor-type=\"wp-page\" data-elementor-id=\"10773\" class=\"elementor elementor-10773\" data-elementor-post-type=\"page\">\n\t\t\t\t<div class=\"elementor-element elementor-element-4252290 e-flex e-con-boxed e-con e-parent\" data-id=\"4252290\" data-element_type=\"container\" data-e-type=\"container\">\n\t\t\t\t\t<div class=\"e-con-inner\">\n\t\t\t\t<div class=\"elementor-element elementor-element-4953a4c elementor-widget elementor-widget-heading\" data-id=\"4953a4c\" data-element_type=\"widget\" data-e-type=\"widget\" data-widget_type=\"heading.default\">\n\t\t\t\t\t<h2 class=\"elementor-heading-title elementor-size-default\">Foto-Themen<\/h2>\t\t\t\t<\/div>\n\t\t\t\t<div class=\"elementor-element elementor-element-ca9804e elementor-widget__width-initial elementor-widget elementor-widget-text-editor\" data-id=\"ca9804e\" data-element_type=\"widget\" data-e-type=\"widget\" data-widget_type=\"text-editor.default\">\n\t\t\t\t\t\t\t\t\t<p>Auf dieser Seite geht es um verschiedene Fotothemen. Manchmal schreibe ich mir Gedanken auf, die vielleicht auch f\u00fcr andere interessant sind, die sich f\u00fcr das Thema Fotografie interessieren.<\/p>\t\t\t\t\t\t\t\t<\/div>\n\t\t\t\t\t<\/div>\n\t\t\t\t<\/div>\n\t\t<div class=\"elementor-element elementor-element-c7128a0 e-flex e-con-boxed e-con e-parent\" data-id=\"c7128a0\" data-element_type=\"container\" data-e-type=\"container\">\n\t\t\t\t\t<div class=\"e-con-inner\">\n\t\t\t\t<div class=\"elementor-element elementor-element-55b66a9 elementor-widget elementor-widget-image\" data-id=\"55b66a9\" data-element_type=\"widget\" data-e-type=\"widget\" data-widget_type=\"image.default\">\n\t\t\t\t\t\t\t\t\t\t\t\t\t\t\t<img fetchpriority=\"high\" decoding=\"async\" width=\"360\" height=\"202\" src=\"https:\/\/wernerwilmes.eu\/fotoblog\/wp-content\/uploads\/2026\/01\/Web-Photo-Cam-300-16zu9.png\" class=\"attachment-large size-large wp-image-10775\" alt=\"Web-Photo-Cam 16zu9\" srcset=\"https:\/\/wernerwilmes.eu\/fotoblog\/wp-content\/uploads\/2026\/01\/Web-Photo-Cam-300-16zu9.png 360w, https:\/\/wernerwilmes.eu\/fotoblog\/wp-content\/uploads\/2026\/01\/Web-Photo-Cam-300-16zu9-300x168.png 300w\" sizes=\"(max-width: 360px) 100vw, 360px\" \/>\t\t\t\t\t\t\t\t\t\t\t\t\t\t\t<\/div>\n\t\t\t\t\t<\/div>\n\t\t\t\t<\/div>\n\t\t<div class=\"elementor-element elementor-element-80d7a56 e-flex e-con-boxed e-con e-parent\" data-id=\"80d7a56\" data-element_type=\"container\" data-e-type=\"container\">\n\t\t\t\t\t<div class=\"e-con-inner\">\n\t\t\t\t<div class=\"elementor-element elementor-element-cccc947 elementor-widget elementor-widget-text-editor\" data-id=\"cccc947\" data-element_type=\"widget\" data-e-type=\"widget\" data-widget_type=\"text-editor.default\">\n\t\t\t\t\t\t\t\t\t<p><strong>Wahrnehmung und Bildbearbeitung<\/strong><\/p><p>Es geht hier um die Wahrnehmung. Und die ist sehr pers\u00f6nlich. Ich war mal als Zeuge vor Gericht und lernte vom Richter den Begriff &#8222;Knallzeuge&#8220; kennen. Im Grunde wollte er sagen: &#8222;Wahrnehmung ist relativ und immer auch das, was man glaubt gesehen zu haben.&#8220; Ich musste dann zugeben, dass ich nur den Verlauf nach dem Knall wirklich gesehen habe. Bekannt ist auch, dass das menschliche Gehirn sehr kreativ ist bei der Festlegung, was es gesehen hat oder nicht.\u00a0 Ich nehme immer in RAW (nahezu unbearbeitete Datei) auf, deshalb ist jedes meiner Fotos auch von mir bearbeitet, wenn ich es vorzeige. W\u00e4hrend der Bearbeitung bin ich ganz bei mir und meiner Erinnerung, wenn ich abrufe, was ich meine gesehen zu haben. Ob dann mein fertiges Foto dergleichen Wahrnehmung, die ein anderer Mensch, der in dem Augenblick neben mir gestanden h\u00e4tte entspricht, ist denkbar, aber fraglich. Mein Foto ist also meine Sicht der Dinge. Bei einem fertigen Foto &#8222;out of Cam&#8220; (vielleicht 99% aller kursierenden Fotos) ist das Foto die Sicht des Software-Programmierers der Kamera, der auch die zur Auswahl stehenden Bildstile verantwortet. \u00dcbrigens: Bei der analogen Fotografie war der Einfluss des Entwicklers nicht unerheblich, selbst wenn er nur den Bildausschnitt bestimmt hat. Allein der ver\u00e4ndert ein Foto in der Aussage dramatisch.<\/p><p>Ein Beispiel. Es gibt ein weltber\u00fchmtes Foto vom DDR-Volksaufstand 17. Juni 1953, das um die Welt ging. Zwei M\u00e4nner werfen Steine auf einen sowjetischen Panzer. Ein schwarz-wei\u00df-Foto voller Kampfdramatik. Erst viel sp\u00e4ter wurde das Originalfoto bekannt. Das Vollbild zeigt eine Szenerie mit zwei Panzern im Hintergrund und eine gr\u00f6\u00dfere Gruppe von Zuschauern am linken Bildrand, die aus sicherer Entfernung beobachten. Der dramatische Vorgang ist derselbe. Aber auf dem Vollbild wirkt die Szene ganz anders, weil viele Menschen als unbeteiligte Zuschauer dort stehen. Mit diesem Bildausschnitt w\u00e4re das Foto nie um die Welt gegangen.<\/p><p>Damit will ich sagen: Bearbeitung war schon immer ein fester Bestandteil der Fotografie, die schon damals deutlich \u00fcber die Festlegung des Ausschnitts hinaus ging. Und heute leben wir in einer Welt mit genialen Werkzeugen, die einem Fotografen zur Verf\u00fcgung stehen.<\/p><p>Wenn in meinem Foto auf der Wiese eine Plastikt\u00fcte liegt, weil ich zu faul war, sie wegzur\u00e4umen, dann entferne ich sie aus &#8222;meinem&#8220; Bild von der Wiese, weil ich m\u00f6chte, dass mein Bild das zeigt, was ich gerne gesehen h\u00e4tte. Ich bin also kein Musterbeispiel f\u00fcr einen Puristen.<\/p>\t\t\t\t\t\t\t\t<\/div>\n\t\t\t\t\t<\/div>\n\t\t\t\t<\/div>\n\t\t<div class=\"elementor-element elementor-element-22f3b68 e-flex e-con-boxed e-con e-parent\" data-id=\"22f3b68\" data-element_type=\"container\" data-e-type=\"container\">\n\t\t\t\t\t<div class=\"e-con-inner\">\n\t\t\t\t<div class=\"elementor-element elementor-element-ffe5f16 elementor-widget elementor-widget-image\" data-id=\"ffe5f16\" data-element_type=\"widget\" data-e-type=\"widget\" data-widget_type=\"image.default\">\n\t\t\t\t\t\t\t\t\t\t\t\t\t\t\t<img decoding=\"async\" width=\"800\" height=\"533\" src=\"https:\/\/wernerwilmes.eu\/fotoblog\/wp-content\/uploads\/2026\/03\/Foto-Newquay2650-scaled.jpg\" class=\"attachment-large size-large wp-image-12008\" alt=\"Fotograf fotografiert Muscheln auf einem Felsen\" srcset=\"https:\/\/wernerwilmes.eu\/fotoblog\/wp-content\/uploads\/2026\/03\/Foto-Newquay2650-scaled.jpg 2560w, https:\/\/wernerwilmes.eu\/fotoblog\/wp-content\/uploads\/2026\/03\/Foto-Newquay2650-300x200.jpg 300w, https:\/\/wernerwilmes.eu\/fotoblog\/wp-content\/uploads\/2026\/03\/Foto-Newquay2650-768x512.jpg 768w, https:\/\/wernerwilmes.eu\/fotoblog\/wp-content\/uploads\/2026\/03\/Foto-Newquay2650-1536x1024.jpg 1536w, https:\/\/wernerwilmes.eu\/fotoblog\/wp-content\/uploads\/2026\/03\/Foto-Newquay2650-2048x1366.jpg 2048w\" sizes=\"(max-width: 800px) 100vw, 800px\" \/>\t\t\t\t\t\t\t\t\t\t\t\t\t\t\t<\/div>\n\t\t\t\t\t<\/div>\n\t\t\t\t<\/div>\n\t\t<div class=\"elementor-element elementor-element-8239cfb e-flex e-con-boxed e-con e-parent\" data-id=\"8239cfb\" data-element_type=\"container\" data-e-type=\"container\">\n\t\t\t\t\t<div class=\"e-con-inner\">\n\t\t\t\t<div class=\"elementor-element elementor-element-227fcea elementor-align-center elementor-widget elementor-widget-button\" data-id=\"227fcea\" data-element_type=\"widget\" data-e-type=\"widget\" data-widget_type=\"button.default\">\n\t\t\t\t\t\t\t\t\t\t<a class=\"elementor-button elementor-button-link elementor-size-sm\" href=\"https:\/\/youtube.com\/@wilmesdoku\" target=\"_blank\" rel=\"noopener\">\n\t\t\t\t\t\t<span class=\"elementor-button-content-wrapper\">\n\t\t\t\t\t\t\t\t\t<span class=\"elementor-button-text\">Traumhaft sch\u00f6ne Videos auf meinem Kanal<\/span>\n\t\t\t\t\t<\/span>\n\t\t\t\t\t<\/a>\n\t\t\t\t\t\t\t\t<\/div>\n\t\t\t\t\t<\/div>\n\t\t\t\t<\/div>\n\t\t<div class=\"elementor-element elementor-element-619db7b e-flex e-con-boxed e-con e-parent\" data-id=\"619db7b\" data-element_type=\"container\" data-e-type=\"container\">\n\t\t\t\t\t<div class=\"e-con-inner\">\n\t\t\t\t<div class=\"elementor-element elementor-element-8ab9632 elementor-align-center elementor-widget elementor-widget-button\" data-id=\"8ab9632\" data-element_type=\"widget\" data-e-type=\"widget\" data-widget_type=\"button.default\">\n\t\t\t\t\t\t\t\t\t\t<a class=\"elementor-button elementor-button-link elementor-size-sm\" href=\"https:\/\/www.facebook.com\/werner.wilmes.5055\" target=\"_blank\" rel=\"noopener\">\n\t\t\t\t\t\t<span class=\"elementor-button-content-wrapper\">\n\t\t\t\t\t\t<span class=\"elementor-button-icon\">\n\t\t\t\t<svg aria-hidden=\"true\" class=\"e-font-icon-svg e-fab-facebook\" viewBox=\"0 0 512 512\" xmlns=\"http:\/\/www.w3.org\/2000\/svg\"><path d=\"M504 256C504 119 393 8 256 8S8 119 8 256c0 123.78 90.69 226.38 209.25 245V327.69h-63V256h63v-54.64c0-62.15 37-96.48 93.67-96.48 27.14 0 55.52 4.84 55.52 4.84v61h-31.28c-30.8 0-40.41 19.12-40.41 38.73V256h68.78l-11 71.69h-57.78V501C413.31 482.38 504 379.78 504 256z\"><\/path><\/svg>\t\t\t<\/span>\n\t\t\t\t\t\t\t\t\t<span class=\"elementor-button-text\">Besuche mein facebook<\/span>\n\t\t\t\t\t<\/span>\n\t\t\t\t\t<\/a>\n\t\t\t\t\t\t\t\t<\/div>\n\t\t\t\t\t<\/div>\n\t\t\t\t<\/div>\n\t\t\t\t<\/div>\n\t\t","protected":false},"excerpt":{"rendered":"<p>Foto-Themen Auf dieser Seite geht es um verschiedene Fotothemen. Manchmal schreibe ich mir Gedanken auf, die vielleicht auch f\u00fcr andere interessant sind, die sich f\u00fcr das Thema Fotografie interessieren. Wahrnehmung und Bildbearbeitung Es geht hier um die Wahrnehmung. Und die ist sehr pers\u00f6nlich. Ich war mal als Zeuge vor Gericht und lernte vom Richter den [&hellip;]<\/p>\n","protected":false},"author":3,"featured_media":0,"parent":0,"menu_order":0,"comment_status":"closed","ping_status":"closed","template":"elementor_header_footer","meta":{"footnotes":""},"class_list":["post-10773","page","type-page","status-publish","hentry"],"_links":{"self":[{"href":"https:\/\/wernerwilmes.eu\/fotoblog\/wp-json\/wp\/v2\/pages\/10773","targetHints":{"allow":["GET"]}}],"collection":[{"href":"https:\/\/wernerwilmes.eu\/fotoblog\/wp-json\/wp\/v2\/pages"}],"about":[{"href":"https:\/\/wernerwilmes.eu\/fotoblog\/wp-json\/wp\/v2\/types\/page"}],"author":[{"embeddable":true,"href":"https:\/\/wernerwilmes.eu\/fotoblog\/wp-json\/wp\/v2\/users\/3"}],"replies":[{"embeddable":true,"href":"https:\/\/wernerwilmes.eu\/fotoblog\/wp-json\/wp\/v2\/comments?post=10773"}],"version-history":[{"count":58,"href":"https:\/\/wernerwilmes.eu\/fotoblog\/wp-json\/wp\/v2\/pages\/10773\/revisions"}],"predecessor-version":[{"id":12311,"href":"https:\/\/wernerwilmes.eu\/fotoblog\/wp-json\/wp\/v2\/pages\/10773\/revisions\/12311"}],"wp:attachment":[{"href":"https:\/\/wernerwilmes.eu\/fotoblog\/wp-json\/wp\/v2\/media?parent=10773"}],"curies":[{"name":"wp","href":"https:\/\/api.w.org\/{rel}","templated":true}]}}