{"id":10189,"date":"2025-06-29T07:12:08","date_gmt":"2025-06-29T05:12:08","guid":{"rendered":"https:\/\/wernerwilmes.eu\/fotoblog\/?page_id=10189"},"modified":"2026-03-15T11:10:01","modified_gmt":"2026-03-15T10:10:01","slug":"ai-video","status":"publish","type":"page","link":"https:\/\/wernerwilmes.eu\/fotoblog\/ai-video\/","title":{"rendered":"AI-Video"},"content":{"rendered":"\t\t<div data-elementor-type=\"wp-page\" data-elementor-id=\"10189\" class=\"elementor elementor-10189\" data-elementor-post-type=\"page\">\n\t\t\t\t<div class=\"elementor-element elementor-element-152ba6f e-flex e-con-boxed e-con e-parent\" data-id=\"152ba6f\" data-element_type=\"container\" data-e-type=\"container\">\n\t\t\t\t\t<div class=\"e-con-inner\">\n\t\t\t\t<div class=\"elementor-element elementor-element-4197bde elementor-widget elementor-widget-heading\" data-id=\"4197bde\" data-element_type=\"widget\" data-e-type=\"widget\" data-widget_type=\"heading.default\">\n\t\t\t\t\t<h1 class=\"elementor-heading-title elementor-size-default\">KI-Video<\/h1>\t\t\t\t<\/div>\n\t\t\t\t\t<\/div>\n\t\t\t\t<\/div>\n\t\t<div class=\"elementor-element elementor-element-dc3d468 e-flex e-con-boxed e-con e-parent\" data-id=\"dc3d468\" data-element_type=\"container\" data-e-type=\"container\">\n\t\t\t\t\t<div class=\"e-con-inner\">\n\t\t\t\t<div class=\"elementor-element elementor-element-279d262 elementor-widget elementor-widget-image\" data-id=\"279d262\" data-element_type=\"widget\" data-e-type=\"widget\" data-widget_type=\"image.default\">\n\t\t\t\t\t\t\t\t\t\t\t\t\t\t\t<img decoding=\"async\" src=\"https:\/\/wernerwilmes.eu\/fotoblog\/wp-content\/uploads\/elementor\/thumbs\/Bermpohl-Kippszene1920-r8092fyucpa4jb2g67tgmjmvnoywsim5x6muxkdyy8.webp\" title=\"Bermpohl-Kippszene1920\" alt=\"Adolf Bermpohl Seenotkreuzer kippt\" loading=\"lazy\" \/>\t\t\t\t\t\t\t\t\t\t\t\t\t\t\t<\/div>\n\t\t\t\t\t<\/div>\n\t\t\t\t<\/div>\n\t\t<div class=\"elementor-element elementor-element-a5d54e9 e-flex e-con-boxed e-con e-parent\" data-id=\"a5d54e9\" data-element_type=\"container\" data-e-type=\"container\">\n\t\t\t\t\t<div class=\"e-con-inner\">\n\t\t\t\t<div class=\"elementor-element elementor-element-ba2f5b6 elementor-widget elementor-widget-text-editor\" data-id=\"ba2f5b6\" data-element_type=\"widget\" data-e-type=\"widget\" data-widget_type=\"text-editor.default\">\n\t\t\t\t\t\t\t\t\t<p>Eine neue \u00c4ra hat begonnen, ich \u00fcbertreibe nicht. Seit 40 Jahren mache ich Videos, habe somit die ganze Entwicklung intensiv miterlebt. Auch heute m\u00f6chte ich den Einsatz mit meinen eigenen Kameras nicht missen. Und im Bereich Dokumentation sind die nach wie vor unersetzlich.<\/p>\n<p>Aber, Film und Video sind viel mehr als das. Es ist auch ein k\u00fcnstlerisches Genre, eine riesige Spielwiese in Sachen Gestaltung. Mit dem Einzug von KI-Video sind nun bewegte Bilder m\u00f6glich, die zuvor unvorstellbar waren. Ein Beispiel ist die Produktion von Musikvideos.<\/p>\n<p>Auch in der Dokumentation ist KI-Video ein Geschenk. Denn nicht von allem, was geschehen ist, gibt es Bewegt-Material. Bestenfalls existieren nur Fotos, Zeichnungen, Skizzen oder Niederschriften. Oder es gibt nur blo\u00dfe Gedanken.<\/p>\n<p>Video ist meine Leidenschaft. Selbst vor 40 Jahren habe ich schon Video-Schnipsel von anderen Menschen zu vorzeigbaren Werken geschnitten. Schon damals war ich der Auffassung, dass nicht alles, was ich am Schnittplatz zu einem Kunstwerk zusammenf\u00fcge, von mir selbst stammen muss. Und der pers\u00f6nliche kreative Prozess ist nach wie vor enorm. Ich schreibe die &#8222;Prompts&#8220;. Es sind meine Gedanken, die ich der AI als Auftrag gebe. Die liefert mir die Szenen, die ich haben m\u00f6chte. Ich bin also im auch Grunde ein Regisseur. Ich sage der KI, was das f\u00fcr ein &#8222;Set&#8220; sein soll.<\/p>\n<p>Mit AI ist nun der Gestaltungs-Spielraum drastisch erweitert worden. Dieses Geschenk werde ich nicht zur\u00fcckweisen.<\/p>\n<p>Hier ist das Ergebnis, mein erstes reines KI-Video. Schau mal hinein, in das dramatische Schicksal des Seenotrettungskreuzers &#8222;Adolph Bermpohl&#8220;.<\/p>\n<p><strong>Orkan<\/strong><\/p>\n<p>Das ist im Grunde ein Dokumentarfilm. Eine kurze Erkl\u00e4rung zu diesem Video: Grundlage ist ein Graupner-Modell des Seenotrettungskreuzers &#8222;Adolph Bermpohl&#8220;, das ich Ende der 1980er erworben habe. Es ist 1,21 Meter lang, also kein Modell f\u00fcr einen Setzkasten. Ich habe es rundum fotografiert und mit Hilfe von KI ein 3-D-Modell entwickelt. Wichtig: Das originale Schiff hatte zum Zeitpunkt des Ungl\u00fcck noch keinen Steuerstand-Aufbau, wie ihn das Modell hat. Der wurde erst sp\u00e4ter hinzugef\u00fcgt. Weil ich nicht genau ermitteln konnte, wie der urspr\u00fcngliche Steuerstand zum Ungl\u00fcckszeitpunkt aussah, habe ich die Modell-Version als Grundlage im Video benutzt, auch wenn das historisch nicht pr\u00e4zise ist. Es gilt aber die Erkenntnis, dass der Steuerstand f\u00fcr den Verlauf des Ungl\u00fccks nicht relevant war. Alle anderen Aspekt im Video sind korrekt recherchiert.<\/p>\t\t\t\t\t\t\t\t<\/div>\n\t\t\t\t\t<\/div>\n\t\t\t\t<\/div>\n\t\t<div class=\"elementor-element elementor-element-b275097 e-flex e-con-boxed e-con e-parent\" data-id=\"b275097\" data-element_type=\"container\" data-e-type=\"container\">\n\t\t\t\t\t<div class=\"e-con-inner\">\n\t\t\t\t<div class=\"elementor-element elementor-element-414e6e6 elementor-widget elementor-widget-video\" data-id=\"414e6e6\" data-element_type=\"widget\" data-e-type=\"widget\" data-settings=\"{&quot;youtube_url&quot;:&quot;https:\\\/\\\/youtu.be\\\/XwXv4jqrDz8&quot;,&quot;video_type&quot;:&quot;youtube&quot;,&quot;controls&quot;:&quot;yes&quot;}\" data-widget_type=\"video.default\">\n\t\t\t\t\t\t\t<div class=\"elementor-wrapper elementor-open-inline\">\n\t\t\t<div class=\"elementor-video\"><\/div>\t\t<\/div>\n\t\t\t\t\t\t<\/div>\n\t\t\t\t\t<\/div>\n\t\t\t\t<\/div>\n\t\t<div class=\"elementor-element elementor-element-d8cf14e e-flex e-con-boxed e-con e-parent\" data-id=\"d8cf14e\" data-element_type=\"container\" data-e-type=\"container\">\n\t\t\t\t\t<div class=\"e-con-inner\">\n\t\t\t\t\t<\/div>\n\t\t\t\t<\/div>\n\t\t<div class=\"elementor-element elementor-element-be0ba8d e-flex e-con-boxed e-con e-parent\" data-id=\"be0ba8d\" data-element_type=\"container\" data-e-type=\"container\">\n\t\t\t\t\t<div class=\"e-con-inner\">\n\t\t\t\t<div class=\"elementor-element elementor-element-fb9a452 elementor-align-center elementor-widget elementor-widget-button\" data-id=\"fb9a452\" data-element_type=\"widget\" data-e-type=\"widget\" data-widget_type=\"button.default\">\n\t\t\t\t\t\t\t\t\t\t<a class=\"elementor-button elementor-button-link elementor-size-sm\" href=\"https:\/\/www.facebook.com\/werner.wilmes.5055\" target=\"_blank\" rel=\"noopener\">\n\t\t\t\t\t\t<span class=\"elementor-button-content-wrapper\">\n\t\t\t\t\t\t<span class=\"elementor-button-icon\">\n\t\t\t\t<svg aria-hidden=\"true\" class=\"e-font-icon-svg e-fab-facebook\" viewBox=\"0 0 512 512\" xmlns=\"http:\/\/www.w3.org\/2000\/svg\"><path d=\"M504 256C504 119 393 8 256 8S8 119 8 256c0 123.78 90.69 226.38 209.25 245V327.69h-63V256h63v-54.64c0-62.15 37-96.48 93.67-96.48 27.14 0 55.52 4.84 55.52 4.84v61h-31.28c-30.8 0-40.41 19.12-40.41 38.73V256h68.78l-11 71.69h-57.78V501C413.31 482.38 504 379.78 504 256z\"><\/path><\/svg>\t\t\t<\/span>\n\t\t\t\t\t\t\t\t\t<span class=\"elementor-button-text\">Besuche mein facebook<\/span>\n\t\t\t\t\t<\/span>\n\t\t\t\t\t<\/a>\n\t\t\t\t\t\t\t\t<\/div>\n\t\t\t\t\t<\/div>\n\t\t\t\t<\/div>\n\t\t\t\t<\/div>\n\t\t","protected":false},"excerpt":{"rendered":"<p>KI-Video Eine neue \u00c4ra hat begonnen, ich \u00fcbertreibe nicht. Seit 40 Jahren mache ich Videos, habe somit die ganze Entwicklung intensiv miterlebt. Auch heute m\u00f6chte ich den Einsatz mit meinen eigenen Kameras nicht missen. Und im Bereich Dokumentation sind die nach wie vor unersetzlich. Aber, Film und Video sind viel mehr als das. Es ist [&hellip;]<\/p>\n","protected":false},"author":1,"featured_media":0,"parent":0,"menu_order":0,"comment_status":"open","ping_status":"closed","template":"elementor_header_footer","meta":{"footnotes":""},"class_list":["post-10189","page","type-page","status-publish","hentry"],"_links":{"self":[{"href":"https:\/\/wernerwilmes.eu\/fotoblog\/wp-json\/wp\/v2\/pages\/10189","targetHints":{"allow":["GET"]}}],"collection":[{"href":"https:\/\/wernerwilmes.eu\/fotoblog\/wp-json\/wp\/v2\/pages"}],"about":[{"href":"https:\/\/wernerwilmes.eu\/fotoblog\/wp-json\/wp\/v2\/types\/page"}],"author":[{"embeddable":true,"href":"https:\/\/wernerwilmes.eu\/fotoblog\/wp-json\/wp\/v2\/users\/1"}],"replies":[{"embeddable":true,"href":"https:\/\/wernerwilmes.eu\/fotoblog\/wp-json\/wp\/v2\/comments?post=10189"}],"version-history":[{"count":48,"href":"https:\/\/wernerwilmes.eu\/fotoblog\/wp-json\/wp\/v2\/pages\/10189\/revisions"}],"predecessor-version":[{"id":12896,"href":"https:\/\/wernerwilmes.eu\/fotoblog\/wp-json\/wp\/v2\/pages\/10189\/revisions\/12896"}],"wp:attachment":[{"href":"https:\/\/wernerwilmes.eu\/fotoblog\/wp-json\/wp\/v2\/media?parent=10189"}],"curies":[{"name":"wp","href":"https:\/\/api.w.org\/{rel}","templated":true}]}}